{"id":984,"date":"2022-05-31T16:04:06","date_gmt":"2022-05-31T14:04:06","guid":{"rendered":"https:\/\/www.chevaliers-de-colomb.com\/?page_id=984"},"modified":"2025-07-09T12:25:53","modified_gmt":"2025-07-09T10:25:53","slug":"pour-les-pretres","status":"publish","type":"page","link":"https:\/\/www.chevaliers-de-colomb.fr\/index.php\/pour-les-pretres\/","title":{"rendered":"Pour les pr\u00eatres"},"content":{"rendered":"\t\t<div data-elementor-type=\"wp-page\" data-elementor-id=\"984\" class=\"elementor elementor-984\" data-elementor-post-type=\"page\">\n\t\t\t\t\t\t<section data-particle_enable=\"false\" data-particle-mobile-disabled=\"false true\" class=\"elementor-section elementor-top-section elementor-element elementor-element-3877444 elementor-section-stretched elementor-hidden-tablet elementor-hidden-mobile elementor-section-content-top elementor-section-boxed elementor-section-height-default elementor-section-height-default\" data-id=\"3877444\" data-element_type=\"section\" data-e-type=\"section\" data-settings=\"{&quot;stretch_section&quot;:&quot;section-stretched&quot;,&quot;background_background&quot;:&quot;classic&quot;,&quot;shape_divider_bottom&quot;:&quot;triangle-asymmetrical&quot;,&quot;background_motion_fx_motion_fx_scrolling&quot;:&quot;yes&quot;,&quot;background_motion_fx_translateY_effect&quot;:&quot;yes&quot;,&quot;background_motion_fx_translateY_speed&quot;:{&quot;unit&quot;:&quot;px&quot;,&quot;size&quot;:4,&quot;sizes&quot;:[]},&quot;background_motion_fx_translateY_affectedRange&quot;:{&quot;unit&quot;:&quot;%&quot;,&quot;size&quot;:&quot;&quot;,&quot;sizes&quot;:{&quot;start&quot;:0,&quot;end&quot;:100}},&quot;background_motion_fx_devices&quot;:[&quot;desktop&quot;,&quot;tablet&quot;,&quot;mobile&quot;]}\">\n\t\t\t\t\t\t\t<div class=\"elementor-background-overlay\"><\/div>\n\t\t\t\t\t\t<div class=\"elementor-shape elementor-shape-bottom\" aria-hidden=\"true\" data-negative=\"false\">\n\t\t\t<svg xmlns=\"http:\/\/www.w3.org\/2000\/svg\" viewBox=\"0 0 1000 100\" preserveAspectRatio=\"none\">\n\t<path class=\"elementor-shape-fill\" d=\"M738,99l262-93V0H0v5.6L738,99z\"\/>\n<\/svg>\t\t<\/div>\n\t\t\t\t\t<div class=\"elementor-container elementor-column-gap-default\">\n\t\t\t\t\t<div class=\"elementor-column elementor-col-100 elementor-top-column elementor-element elementor-element-55f0cb7\" data-id=\"55f0cb7\" data-element_type=\"column\" data-e-type=\"column\">\n\t\t\t<div class=\"elementor-widget-wrap elementor-element-populated\">\n\t\t\t\t\t\t<div class=\"elementor-element elementor-element-d6d5550 elementor-widget elementor-widget-text-editor\" data-id=\"d6d5550\" data-element_type=\"widget\" data-e-type=\"widget\" data-widget_type=\"text-editor.default\">\n\t\t\t\t<div class=\"elementor-widget-container\">\n\t\t\t\t\t\t\t\t\t<p style=\"text-align: right;\">Pour les pr\u00eatres<\/p>\t\t\t\t\t\t\t\t<\/div>\n\t\t\t\t<\/div>\n\t\t\t\t\t<\/div>\n\t\t<\/div>\n\t\t\t\t\t<\/div>\n\t\t<\/section>\n\t\t\t\t\t<script>\n\t\t\t\t(function($) {\n                    \"use strict\";\n\n                    var target = $('.elementor-element-3877444');\n\n                    \n                    var EaelParallaxElement = {\n\n\t\t\t\t\t\tinit: function() {\n\t\t\t\t\t\t\telementorFrontend.hooks.addAction('frontend\/element_ready\/global', EaelParallaxElement.initWidget);\n\t\t\t\t\t\t},\n                        responsiveParallax: function(){\n                            var android = 1,\n                                ios = 1;\n                            switch( true || 1 ){\n                                case android && ios:\n                                    return \/iPad|iPhone|iPod|Android\/;\n                                    break;\n                                case android && ! ios:\n                                    return \/Android\/;\n                                    break;\n                                case ! android && ios:\n                                    return \/iPad|iPhone|iPod\/;\n                                    break;\n                                case ( ! android && ! ios ):\n                                    return null;\n                            }\n                        },\n\t\t\t\t\t\tinitWidget: function( $scope ) {\n\n\t\t\t\t\t\t\ttarget.jarallax({\n\t\t\t\t\t\t\t\ttype: 'scroll',\n\t\t\t\t\t\t\t\tspeed: 1.3,\n\t\t\t\t\t\t\t\tkeepImg: true,\n                                disableParallax: EaelParallaxElement.responsiveParallax(),\n\t\t\t\t\t\t\t});\n\t\t\t\t\t\t}\n\n\t\t\t\t\t};\n\n\t\t\t\t\t$( window ).on('elementor\/frontend\/init', EaelParallaxElement.init);\n\n                    \t\t\t\t}( jQuery ) );\n\t\t\t<\/script>\n\t\t\t\t<section data-particle_enable=\"false\" data-particle-mobile-disabled=\"false\" class=\"elementor-section elementor-top-section elementor-element elementor-element-f8b8e37 elementor-section-boxed elementor-section-height-default elementor-section-height-default\" data-id=\"f8b8e37\" data-element_type=\"section\" data-e-type=\"section\" data-settings=\"{&quot;background_background&quot;:&quot;gradient&quot;}\">\n\t\t\t\t\t\t<div class=\"elementor-container elementor-column-gap-default\">\n\t\t\t\t\t<div class=\"elementor-column elementor-col-100 elementor-top-column elementor-element elementor-element-f039f09\" data-id=\"f039f09\" data-element_type=\"column\" data-e-type=\"column\" data-settings=\"{&quot;background_background&quot;:&quot;classic&quot;}\">\n\t\t\t<div class=\"elementor-widget-wrap elementor-element-populated\">\n\t\t\t\t\t\t<section data-particle_enable=\"false\" data-particle-mobile-disabled=\"false\" class=\"elementor-section elementor-inner-section elementor-element elementor-element-23f7ded elementor-section-boxed elementor-section-height-default elementor-section-height-default\" data-id=\"23f7ded\" data-element_type=\"section\" data-e-type=\"section\" data-settings=\"{&quot;background_background&quot;:&quot;classic&quot;}\">\n\t\t\t\t\t\t<div class=\"elementor-container elementor-column-gap-default\">\n\t\t\t\t\t<div class=\"elementor-column elementor-col-50 elementor-inner-column elementor-element elementor-element-48b9667\" data-id=\"48b9667\" data-element_type=\"column\" data-e-type=\"column\" data-settings=\"{&quot;background_background&quot;:&quot;classic&quot;}\">\n\t\t\t<div class=\"elementor-widget-wrap elementor-element-populated\">\n\t\t\t\t\t\t<div class=\"elementor-element elementor-element-4dd8b4c elementor-widget elementor-widget-spacer\" data-id=\"4dd8b4c\" data-element_type=\"widget\" data-e-type=\"widget\" data-widget_type=\"spacer.default\">\n\t\t\t\t<div class=\"elementor-widget-container\">\n\t\t\t\t\t\t\t<div class=\"elementor-spacer\">\n\t\t\t<div class=\"elementor-spacer-inner\"><\/div>\n\t\t<\/div>\n\t\t\t\t\t\t<\/div>\n\t\t\t\t<\/div>\n\t\t\t\t\t<\/div>\n\t\t<\/div>\n\t\t\t\t<div class=\"elementor-column elementor-col-50 elementor-inner-column elementor-element elementor-element-fc1eafd\" data-id=\"fc1eafd\" data-element_type=\"column\" data-e-type=\"column\">\n\t\t\t<div class=\"elementor-widget-wrap elementor-element-populated\">\n\t\t\t\t\t\t<div class=\"elementor-element elementor-element-79ad229 elementor-widget elementor-widget-text-editor\" data-id=\"79ad229\" data-element_type=\"widget\" data-e-type=\"widget\" data-widget_type=\"text-editor.default\">\n\t\t\t\t<div class=\"elementor-widget-container\">\n\t\t\t\t\t\t\t\t\t<h2>CHERS AMIS PR\u00caTRES<\/h2><p>Le monument de la rencontre, sur les hauteurs du petit village d\u2019Ars pr\u00e9sente la rencontre du Saint Cur\u00e9 avec le jeune berger Antoine Givre. Nous en connaissons le dialogue \u00ab tu m\u2019as montr\u00e9 le chemin d\u2019Ars, je te montrerai le chemin du Ciel \u00bb<\/p><p>\u00a0<\/p><p>Les hommes engag\u00e9s aupr\u00e8s des chevaliers de Colomb dans le monde sont ainsi ces bergers, serviteurs de leurs fr\u00e8res pr\u00eatres. La brochure pr\u00e9sente cette proximit\u00e9 fraternelle aupr\u00e8s de nos<\/p>\t\t\t\t\t\t\t\t<\/div>\n\t\t\t\t<\/div>\n\t\t\t\t<div class=\"elementor-element elementor-element-ff1549b elementor-widget elementor-widget-button\" data-id=\"ff1549b\" data-element_type=\"widget\" data-e-type=\"widget\" data-widget_type=\"button.default\">\n\t\t\t\t<div class=\"elementor-widget-container\">\n\t\t\t\t\t\t\t\t\t<div class=\"elementor-button-wrapper\">\n\t\t\t\t\t<a class=\"elementor-button elementor-button-link elementor-size-sm\" href=\"https:\/\/www.chevaliers-de-colomb.fr\/wp-content\/uploads\/2022\/09\/BROCHURE-POUR-LES-PRETRES-22.pdf\">\n\t\t\t\t\t\t<span class=\"elementor-button-content-wrapper\">\n\t\t\t\t\t\t\t\t\t<span class=\"elementor-button-text\">T\u00e9l\u00e9chargez la brochure pour les pr\u00eatres<\/span>\n\t\t\t\t\t<\/span>\n\t\t\t\t\t<\/a>\n\t\t\t\t<\/div>\n\t\t\t\t\t\t\t\t<\/div>\n\t\t\t\t<\/div>\n\t\t\t\t\t<\/div>\n\t\t<\/div>\n\t\t\t\t\t<\/div>\n\t\t<\/section>\n\t\t<div data-particle_enable=\"false\" data-particle-mobile-disabled=\"false\" class=\"elementor-element elementor-element-6446590 e-flex e-con-boxed e-con e-parent\" data-id=\"6446590\" data-element_type=\"container\" data-e-type=\"container\" data-settings=\"{&quot;background_background&quot;:&quot;classic&quot;}\">\n\t\t\t\t\t<div class=\"e-con-inner\">\n\t\t\t\t<div class=\"elementor-element elementor-element-964515b elementor-widget elementor-widget-video\" data-id=\"964515b\" data-element_type=\"widget\" data-e-type=\"widget\" data-settings=\"{&quot;youtube_url&quot;:&quot;https:\\\/\\\/youtu.be\\\/kppk86MxFmE?si=98IZ0YqGzC49XDjX&quot;,&quot;video_type&quot;:&quot;youtube&quot;,&quot;controls&quot;:&quot;yes&quot;}\" data-widget_type=\"video.default\">\n\t\t\t\t<div class=\"elementor-widget-container\">\n\t\t\t\t\t\t\t<div class=\"elementor-wrapper elementor-open-inline\">\n\t\t\t<div class=\"elementor-video\"><\/div>\t\t<\/div>\n\t\t\t\t\t\t<\/div>\n\t\t\t\t<\/div>\n\t\t\t\t\t<\/div>\n\t\t\t\t<\/div>\n\t\t\t\t\t<\/div>\n\t\t<\/div>\n\t\t\t\t\t<\/div>\n\t\t<\/section>\n\t\t\t\t<\/div>\n\t\t","protected":false},"excerpt":{"rendered":"<p>Pour les pr\u00eatres CHERS AMIS PR\u00caTRES Le monument de la rencontre, sur les hauteurs du petit village d\u2019Ars pr\u00e9sente la rencontre du Saint Cur\u00e9 avec le jeune berger Antoine Givre. Nous en connaissons le dialogue \u00ab tu m\u2019as montr\u00e9 le chemin d\u2019Ars, je te montrerai le chemin du Ciel \u00bb \u00a0 Les hommes engag\u00e9s aupr\u00e8s [&hellip;]<\/p>\n","protected":false},"author":1,"featured_media":0,"parent":0,"menu_order":0,"comment_status":"closed","ping_status":"closed","template":"elementor_header_footer","meta":{"footnotes":""},"class_list":["post-984","page","type-page","status-publish","hentry"],"yoast_head":"<!-- This site is optimized with the Yoast SEO plugin v27.3 - https:\/\/yoast.com\/product\/yoast-seo-wordpress\/ -->\n<title>Pour les pr\u00eatres - Les chevaliers de Colomb France<\/title>\n<meta name=\"robots\" content=\"index, follow, max-snippet:-1, max-image-preview:large, max-video-preview:-1\" \/>\n<link rel=\"canonical\" href=\"https:\/\/www.chevaliers-de-colomb.fr\/index.php\/pour-les-pretres\/\" \/>\n<meta property=\"og:locale\" content=\"fr_FR\" \/>\n<meta property=\"og:type\" content=\"article\" \/>\n<meta property=\"og:title\" content=\"Pour les pr\u00eatres - Les chevaliers de Colomb France\" \/>\n<meta property=\"og:description\" content=\"Pour les pr\u00eatres CHERS AMIS PR\u00caTRES Le monument de la rencontre, sur les hauteurs du petit village d\u2019Ars pr\u00e9sente la rencontre du Saint Cur\u00e9 avec le jeune berger Antoine Givre. Nous en connaissons le dialogue \u00ab tu m\u2019as montr\u00e9 le chemin d\u2019Ars, je te montrerai le chemin du Ciel \u00bb \u00a0 Les hommes engag\u00e9s aupr\u00e8s [&hellip;]\" \/>\n<meta property=\"og:url\" content=\"https:\/\/www.chevaliers-de-colomb.fr\/index.php\/pour-les-pretres\/\" \/>\n<meta property=\"og:site_name\" content=\"Les chevaliers de Colomb France\" \/>\n<meta property=\"article:modified_time\" content=\"2025-07-09T10:25:53+00:00\" \/>\n<meta name=\"twitter:card\" content=\"summary_large_image\" \/>\n<meta name=\"twitter:label1\" content=\"Dur\u00e9e de lecture estim\u00e9e\" \/>\n\t<meta name=\"twitter:data1\" content=\"1 minute\" \/>\n<script type=\"application\/ld+json\" class=\"yoast-schema-graph\">{\"@context\":\"https:\\\/\\\/schema.org\",\"@graph\":[{\"@type\":\"WebPage\",\"@id\":\"https:\\\/\\\/www.chevaliers-de-colomb.fr\\\/index.php\\\/pour-les-pretres\\\/\",\"url\":\"https:\\\/\\\/www.chevaliers-de-colomb.fr\\\/index.php\\\/pour-les-pretres\\\/\",\"name\":\"Pour les pr\u00eatres - Les chevaliers de Colomb France\",\"isPartOf\":{\"@id\":\"https:\\\/\\\/www.chevaliers-de-colomb.fr\\\/#website\"},\"datePublished\":\"2022-05-31T14:04:06+00:00\",\"dateModified\":\"2025-07-09T10:25:53+00:00\",\"breadcrumb\":{\"@id\":\"https:\\\/\\\/www.chevaliers-de-colomb.fr\\\/index.php\\\/pour-les-pretres\\\/#breadcrumb\"},\"inLanguage\":\"fr-FR\",\"potentialAction\":[{\"@type\":\"ReadAction\",\"target\":[\"https:\\\/\\\/www.chevaliers-de-colomb.fr\\\/index.php\\\/pour-les-pretres\\\/\"]}]},{\"@type\":\"BreadcrumbList\",\"@id\":\"https:\\\/\\\/www.chevaliers-de-colomb.fr\\\/index.php\\\/pour-les-pretres\\\/#breadcrumb\",\"itemListElement\":[{\"@type\":\"ListItem\",\"position\":1,\"name\":\"Accueil\",\"item\":\"https:\\\/\\\/www.chevaliers-de-colomb.fr\\\/\"},{\"@type\":\"ListItem\",\"position\":2,\"name\":\"Pour les pr\u00eatres\"}]},{\"@type\":\"WebSite\",\"@id\":\"https:\\\/\\\/www.chevaliers-de-colomb.fr\\\/#website\",\"url\":\"https:\\\/\\\/www.chevaliers-de-colomb.fr\\\/\",\"name\":\"Les chevaliers de Colomb France\",\"description\":\"Site des chevaliers de Colomb en France, les conseils, l&#039;histoire, les informations pratiques\",\"publisher\":{\"@id\":\"https:\\\/\\\/www.chevaliers-de-colomb.fr\\\/#organization\"},\"potentialAction\":[{\"@type\":\"SearchAction\",\"target\":{\"@type\":\"EntryPoint\",\"urlTemplate\":\"https:\\\/\\\/www.chevaliers-de-colomb.fr\\\/?s={search_term_string}\"},\"query-input\":{\"@type\":\"PropertyValueSpecification\",\"valueRequired\":true,\"valueName\":\"search_term_string\"}}],\"inLanguage\":\"fr-FR\"},{\"@type\":\"Organization\",\"@id\":\"https:\\\/\\\/www.chevaliers-de-colomb.fr\\\/#organization\",\"name\":\"Les chevaliers de Colomb France\",\"url\":\"https:\\\/\\\/www.chevaliers-de-colomb.fr\\\/\",\"logo\":{\"@type\":\"ImageObject\",\"inLanguage\":\"fr-FR\",\"@id\":\"https:\\\/\\\/www.chevaliers-de-colomb.fr\\\/#\\\/schema\\\/logo\\\/image\\\/\",\"url\":\"https:\\\/\\\/www.chevaliers-de-colomb.fr\\\/wp-content\\\/uploads\\\/2022\\\/05\\\/logo-chevaliers-de-colomb.png\",\"contentUrl\":\"https:\\\/\\\/www.chevaliers-de-colomb.fr\\\/wp-content\\\/uploads\\\/2022\\\/05\\\/logo-chevaliers-de-colomb.png\",\"width\":397,\"height\":95,\"caption\":\"Les chevaliers de Colomb France\"},\"image\":{\"@id\":\"https:\\\/\\\/www.chevaliers-de-colomb.fr\\\/#\\\/schema\\\/logo\\\/image\\\/\"}}]}<\/script>\n<!-- \/ Yoast SEO plugin. -->","yoast_head_json":{"title":"Pour les pr\u00eatres - Les chevaliers de Colomb France","robots":{"index":"index","follow":"follow","max-snippet":"max-snippet:-1","max-image-preview":"max-image-preview:large","max-video-preview":"max-video-preview:-1"},"canonical":"https:\/\/www.chevaliers-de-colomb.fr\/index.php\/pour-les-pretres\/","og_locale":"fr_FR","og_type":"article","og_title":"Pour les pr\u00eatres - Les chevaliers de Colomb France","og_description":"Pour les pr\u00eatres CHERS AMIS PR\u00caTRES Le monument de la rencontre, sur les hauteurs du petit village d\u2019Ars pr\u00e9sente la rencontre du Saint Cur\u00e9 avec le jeune berger Antoine Givre. Nous en connaissons le dialogue \u00ab tu m\u2019as montr\u00e9 le chemin d\u2019Ars, je te montrerai le chemin du Ciel \u00bb \u00a0 Les hommes engag\u00e9s aupr\u00e8s [&hellip;]","og_url":"https:\/\/www.chevaliers-de-colomb.fr\/index.php\/pour-les-pretres\/","og_site_name":"Les chevaliers de Colomb France","article_modified_time":"2025-07-09T10:25:53+00:00","twitter_card":"summary_large_image","twitter_misc":{"Dur\u00e9e de lecture estim\u00e9e":"1 minute"},"schema":{"@context":"https:\/\/schema.org","@graph":[{"@type":"WebPage","@id":"https:\/\/www.chevaliers-de-colomb.fr\/index.php\/pour-les-pretres\/","url":"https:\/\/www.chevaliers-de-colomb.fr\/index.php\/pour-les-pretres\/","name":"Pour les pr\u00eatres - Les chevaliers de Colomb France","isPartOf":{"@id":"https:\/\/www.chevaliers-de-colomb.fr\/#website"},"datePublished":"2022-05-31T14:04:06+00:00","dateModified":"2025-07-09T10:25:53+00:00","breadcrumb":{"@id":"https:\/\/www.chevaliers-de-colomb.fr\/index.php\/pour-les-pretres\/#breadcrumb"},"inLanguage":"fr-FR","potentialAction":[{"@type":"ReadAction","target":["https:\/\/www.chevaliers-de-colomb.fr\/index.php\/pour-les-pretres\/"]}]},{"@type":"BreadcrumbList","@id":"https:\/\/www.chevaliers-de-colomb.fr\/index.php\/pour-les-pretres\/#breadcrumb","itemListElement":[{"@type":"ListItem","position":1,"name":"Accueil","item":"https:\/\/www.chevaliers-de-colomb.fr\/"},{"@type":"ListItem","position":2,"name":"Pour les pr\u00eatres"}]},{"@type":"WebSite","@id":"https:\/\/www.chevaliers-de-colomb.fr\/#website","url":"https:\/\/www.chevaliers-de-colomb.fr\/","name":"Les chevaliers de Colomb France","description":"Site des chevaliers de Colomb en France, les conseils, l&#039;histoire, les informations pratiques","publisher":{"@id":"https:\/\/www.chevaliers-de-colomb.fr\/#organization"},"potentialAction":[{"@type":"SearchAction","target":{"@type":"EntryPoint","urlTemplate":"https:\/\/www.chevaliers-de-colomb.fr\/?s={search_term_string}"},"query-input":{"@type":"PropertyValueSpecification","valueRequired":true,"valueName":"search_term_string"}}],"inLanguage":"fr-FR"},{"@type":"Organization","@id":"https:\/\/www.chevaliers-de-colomb.fr\/#organization","name":"Les chevaliers de Colomb France","url":"https:\/\/www.chevaliers-de-colomb.fr\/","logo":{"@type":"ImageObject","inLanguage":"fr-FR","@id":"https:\/\/www.chevaliers-de-colomb.fr\/#\/schema\/logo\/image\/","url":"https:\/\/www.chevaliers-de-colomb.fr\/wp-content\/uploads\/2022\/05\/logo-chevaliers-de-colomb.png","contentUrl":"https:\/\/www.chevaliers-de-colomb.fr\/wp-content\/uploads\/2022\/05\/logo-chevaliers-de-colomb.png","width":397,"height":95,"caption":"Les chevaliers de Colomb France"},"image":{"@id":"https:\/\/www.chevaliers-de-colomb.fr\/#\/schema\/logo\/image\/"}}]}},"_links":{"self":[{"href":"https:\/\/www.chevaliers-de-colomb.fr\/index.php\/wp-json\/wp\/v2\/pages\/984","targetHints":{"allow":["GET"]}}],"collection":[{"href":"https:\/\/www.chevaliers-de-colomb.fr\/index.php\/wp-json\/wp\/v2\/pages"}],"about":[{"href":"https:\/\/www.chevaliers-de-colomb.fr\/index.php\/wp-json\/wp\/v2\/types\/page"}],"author":[{"embeddable":true,"href":"https:\/\/www.chevaliers-de-colomb.fr\/index.php\/wp-json\/wp\/v2\/users\/1"}],"replies":[{"embeddable":true,"href":"https:\/\/www.chevaliers-de-colomb.fr\/index.php\/wp-json\/wp\/v2\/comments?post=984"}],"version-history":[{"count":0,"href":"https:\/\/www.chevaliers-de-colomb.fr\/index.php\/wp-json\/wp\/v2\/pages\/984\/revisions"}],"wp:attachment":[{"href":"https:\/\/www.chevaliers-de-colomb.fr\/index.php\/wp-json\/wp\/v2\/media?parent=984"}],"curies":[{"name":"wp","href":"https:\/\/api.w.org\/{rel}","templated":true}]}}