{"id":953,"date":"2022-05-31T12:41:06","date_gmt":"2022-05-31T10:41:06","guid":{"rendered":"https:\/\/www.chevaliers-de-colomb.com\/?page_id=953"},"modified":"2023-03-15T18:44:05","modified_gmt":"2023-03-15T17:44:05","slug":"spiritualite-masculine","status":"publish","type":"page","link":"https:\/\/www.chevaliers-de-colomb.fr\/index.php\/spiritualite-masculine\/","title":{"rendered":"SPIRITUALIT\u00c9 MASCULINE"},"content":{"rendered":"\t\t<div data-elementor-type=\"wp-page\" data-elementor-id=\"953\" class=\"elementor elementor-953\" data-elementor-post-type=\"page\">\n\t\t\t\t\t\t<section data-particle_enable=\"false\" data-particle-mobile-disabled=\"false true\" class=\"elementor-section elementor-top-section elementor-element elementor-element-3877444 elementor-section-stretched elementor-hidden-tablet elementor-hidden-mobile elementor-section-content-top elementor-section-boxed elementor-section-height-default elementor-section-height-default\" data-id=\"3877444\" data-element_type=\"section\" data-e-type=\"section\" data-settings=\"{&quot;stretch_section&quot;:&quot;section-stretched&quot;,&quot;background_background&quot;:&quot;classic&quot;,&quot;shape_divider_bottom&quot;:&quot;triangle-asymmetrical&quot;,&quot;background_motion_fx_motion_fx_scrolling&quot;:&quot;yes&quot;,&quot;background_motion_fx_translateY_effect&quot;:&quot;yes&quot;,&quot;background_motion_fx_translateY_speed&quot;:{&quot;unit&quot;:&quot;px&quot;,&quot;size&quot;:4,&quot;sizes&quot;:[]},&quot;background_motion_fx_translateY_affectedRange&quot;:{&quot;unit&quot;:&quot;%&quot;,&quot;size&quot;:&quot;&quot;,&quot;sizes&quot;:{&quot;start&quot;:0,&quot;end&quot;:100}},&quot;background_motion_fx_devices&quot;:[&quot;desktop&quot;,&quot;tablet&quot;,&quot;mobile&quot;]}\">\n\t\t\t\t\t\t\t<div class=\"elementor-background-overlay\"><\/div>\n\t\t\t\t\t\t<div class=\"elementor-shape elementor-shape-bottom\" aria-hidden=\"true\" data-negative=\"false\">\n\t\t\t<svg xmlns=\"http:\/\/www.w3.org\/2000\/svg\" viewBox=\"0 0 1000 100\" preserveAspectRatio=\"none\">\n\t<path class=\"elementor-shape-fill\" d=\"M738,99l262-93V0H0v5.6L738,99z\"\/>\n<\/svg>\t\t<\/div>\n\t\t\t\t\t<div class=\"elementor-container elementor-column-gap-default\">\n\t\t\t\t\t<div class=\"elementor-column elementor-col-100 elementor-top-column elementor-element elementor-element-55f0cb7\" data-id=\"55f0cb7\" data-element_type=\"column\" data-e-type=\"column\">\n\t\t\t<div class=\"elementor-widget-wrap elementor-element-populated\">\n\t\t\t\t\t\t<div class=\"elementor-element elementor-element-d3e5028 elementor-widget elementor-widget-text-editor\" data-id=\"d3e5028\" data-element_type=\"widget\" data-e-type=\"widget\" data-widget_type=\"text-editor.default\">\n\t\t\t\t<div class=\"elementor-widget-container\">\n\t\t\t\t\t\t\t\t\t<p style=\"text-align: right;\">SPIRITUALIT\u00c9 MASCULINE<\/p>\t\t\t\t\t\t\t\t<\/div>\n\t\t\t\t<\/div>\n\t\t\t\t\t<\/div>\n\t\t<\/div>\n\t\t\t\t\t<\/div>\n\t\t<\/section>\n\t\t\t\t\t<script>\n\t\t\t\t(function($) {\n                    \"use strict\";\n\n                    var target = $('.elementor-element-3877444');\n\n                    \n                    var EaelParallaxElement = {\n\n\t\t\t\t\t\tinit: function() {\n\t\t\t\t\t\t\telementorFrontend.hooks.addAction('frontend\/element_ready\/global', EaelParallaxElement.initWidget);\n\t\t\t\t\t\t},\n                        responsiveParallax: function(){\n                            var android = 1,\n                                ios = 1;\n                            switch( true || 1 ){\n                                case android && ios:\n                                    return \/iPad|iPhone|iPod|Android\/;\n                                    break;\n                                case android && ! ios:\n                                    return \/Android\/;\n                                    break;\n                                case ! android && ios:\n                                    return \/iPad|iPhone|iPod\/;\n                                    break;\n                                case ( ! android && ! ios ):\n                                    return null;\n                            }\n                        },\n\t\t\t\t\t\tinitWidget: function( $scope ) {\n\n\t\t\t\t\t\t\ttarget.jarallax({\n\t\t\t\t\t\t\t\ttype: 'scroll',\n\t\t\t\t\t\t\t\tspeed: 1.3,\n\t\t\t\t\t\t\t\tkeepImg: true,\n                                disableParallax: EaelParallaxElement.responsiveParallax(),\n\t\t\t\t\t\t\t});\n\t\t\t\t\t\t}\n\n\t\t\t\t\t};\n\n\t\t\t\t\t$( window ).on('elementor\/frontend\/init', EaelParallaxElement.init);\n\n                    \t\t\t\t}( jQuery ) );\n\t\t\t<\/script>\n\t\t\t\t<section data-particle_enable=\"false\" data-particle-mobile-disabled=\"false\" class=\"elementor-section elementor-top-section elementor-element elementor-element-f8b8e37 elementor-section-boxed elementor-section-height-default elementor-section-height-default\" data-id=\"f8b8e37\" data-element_type=\"section\" data-e-type=\"section\" data-settings=\"{&quot;background_background&quot;:&quot;gradient&quot;}\">\n\t\t\t\t\t\t<div class=\"elementor-container elementor-column-gap-default\">\n\t\t\t\t\t<div class=\"elementor-column elementor-col-100 elementor-top-column elementor-element elementor-element-f039f09\" data-id=\"f039f09\" data-element_type=\"column\" data-e-type=\"column\" data-settings=\"{&quot;background_background&quot;:&quot;classic&quot;}\">\n\t\t\t<div class=\"elementor-widget-wrap elementor-element-populated\">\n\t\t\t\t\t\t<section data-particle_enable=\"false\" data-particle-mobile-disabled=\"false\" class=\"elementor-section elementor-inner-section elementor-element elementor-element-23f7ded elementor-section-boxed elementor-section-height-default elementor-section-height-default\" data-id=\"23f7ded\" data-element_type=\"section\" data-e-type=\"section\" data-settings=\"{&quot;background_background&quot;:&quot;classic&quot;}\">\n\t\t\t\t\t\t<div class=\"elementor-container elementor-column-gap-default\">\n\t\t\t\t\t<div class=\"elementor-column elementor-col-50 elementor-inner-column elementor-element elementor-element-48b9667\" data-id=\"48b9667\" data-element_type=\"column\" data-e-type=\"column\" data-settings=\"{&quot;background_background&quot;:&quot;classic&quot;}\">\n\t\t\t<div class=\"elementor-widget-wrap elementor-element-populated\">\n\t\t\t\t\t\t<div class=\"elementor-element elementor-element-4dd8b4c elementor-widget elementor-widget-spacer\" data-id=\"4dd8b4c\" data-element_type=\"widget\" data-e-type=\"widget\" data-widget_type=\"spacer.default\">\n\t\t\t\t<div class=\"elementor-widget-container\">\n\t\t\t\t\t\t\t<div class=\"elementor-spacer\">\n\t\t\t<div class=\"elementor-spacer-inner\"><\/div>\n\t\t<\/div>\n\t\t\t\t\t\t<\/div>\n\t\t\t\t<\/div>\n\t\t\t\t\t<\/div>\n\t\t<\/div>\n\t\t\t\t<div class=\"elementor-column elementor-col-50 elementor-inner-column elementor-element elementor-element-fc1eafd\" data-id=\"fc1eafd\" data-element_type=\"column\" data-e-type=\"column\">\n\t\t\t<div class=\"elementor-widget-wrap elementor-element-populated\">\n\t\t\t\t\t\t<div class=\"elementor-element elementor-element-79ad229 elementor-widget elementor-widget-text-editor\" data-id=\"79ad229\" data-element_type=\"widget\" data-e-type=\"widget\" data-widget_type=\"text-editor.default\">\n\t\t\t\t<div class=\"elementor-widget-container\">\n\t\t\t\t\t\t\t\t\t<h2>SPIRITUALIT\u00c9 MASCULINE<\/h2><p><strong>Depuis plusieurs ann\u00e9es, des hommes catholiques \u00e9prouvent le besoin de se retrouver.<\/strong><\/p><p>Les marches et les p\u00e8lerinages sont l\u2019occasion de c\u00e9l\u00e9brer et invoquer la figure paternelle de Saint Joseph, p\u00e8re nourricier du Christ.<\/p><p>Dans des hauts lieux chr\u00e9tiens, comme Cotignac, Le Mont Saint Michel, Montligeon et V\u00e9zelay, des hommes et p\u00e8res de famille se retrouvent par milliers \u00e0 l\u2019occasion de p\u00e8lerinages annuels avant l\u2019\u00e9t\u00e9. En mars, autour de la F\u00eate de Saint Joseph, de grandes marches rassemblent avec ferveur des p\u00e8res et les pr\u00eatres.<\/p><p>Au sein des paroisses, des hommes se rassemblent r\u00e9guli\u00e8rement autour de leur pr\u00eatre, pour se former, \u00e9changer sur tous les enjeux familiaux, professionnels, politiques et spirituels qui les interpellent.<\/p><p><b>Les Chevaliers de Colomb s\u2019inscrivent dans ce courant de nouvelle mobilisation des hommes catholiques de France<\/b>. En cr\u00e9ant un Conseil, ils offrent un cadre formel et organis\u00e9 \u00e0 ces rencontres, et s\u2019associent \u00e0 un immense mouvement de fraternit\u00e9 internationale.<\/p>\t\t\t\t\t\t\t\t<\/div>\n\t\t\t\t<\/div>\n\t\t\t\t\t<\/div>\n\t\t<\/div>\n\t\t\t\t\t<\/div>\n\t\t<\/section>\n\t\t\t\t<section data-particle_enable=\"false\" data-particle-mobile-disabled=\"false\" class=\"elementor-section elementor-inner-section elementor-element elementor-element-dc3a13a elementor-reverse-tablet elementor-reverse-mobile elementor-section-boxed elementor-section-height-default elementor-section-height-default\" data-id=\"dc3a13a\" data-element_type=\"section\" data-e-type=\"section\" data-settings=\"{&quot;background_background&quot;:&quot;classic&quot;}\">\n\t\t\t\t\t\t<div class=\"elementor-container elementor-column-gap-default\">\n\t\t\t\t\t<div class=\"elementor-column elementor-col-100 elementor-inner-column elementor-element elementor-element-7da0335\" data-id=\"7da0335\" data-element_type=\"column\" data-e-type=\"column\">\n\t\t\t<div class=\"elementor-widget-wrap elementor-element-populated\">\n\t\t\t\t\t\t<div class=\"elementor-element elementor-element-1e6760d elementor-widget elementor-widget-text-editor\" data-id=\"1e6760d\" data-element_type=\"widget\" data-e-type=\"widget\" data-widget_type=\"text-editor.default\">\n\t\t\t\t<div class=\"elementor-widget-container\">\n\t\t\t\t\t\t\t\t\t<h2>VIVRE L\u2019HUMBLE H\u00c9RO\u00cfSME DU PROCHAIN<\/h2><p>\u201cQu\u2019est ce qu\u2019un h\u00e9ros ? C\u2019est l\u2019homme des grandes occasions. Qu\u2019est ce qu\u2019un saint ? C\u2019est chacun, quand il est riche de Dieu en de grandes, ou en de tr\u00e8s petites occasions. Le saint mesure sa vie, parfois tr\u00e8s humble, \u00e0 l\u2019infini de Dieu. Cet h\u00e9ro\u00efsme du prochain, c\u2019est pr\u00e9cis\u00e9ment la saintet\u00e9. Et c\u2019est elle qui m\u00e8nera, si besoin, \u00e0 l\u2019h\u00e9ro\u00efsme : c\u2019est \u00e0 force d\u2019\u00eatre grand dans les petites choses qu\u2019on sera un jour, si l\u2019Histoire le d\u00e9cidait, grand dans de grandes choses.\u201d<\/p><p><em>Martin Steffens \u2013 le Nouvel \u00e2ge des P\u00e8res<\/em><\/p>\t\t\t\t\t\t\t\t<\/div>\n\t\t\t\t<\/div>\n\t\t\t\t\t<\/div>\n\t\t<\/div>\n\t\t\t\t\t<\/div>\n\t\t<\/section>\n\t\t\t\t<section data-particle_enable=\"false\" data-particle-mobile-disabled=\"false\" class=\"elementor-section elementor-inner-section elementor-element elementor-element-449fbef elementor-section-boxed elementor-section-height-default elementor-section-height-default\" data-id=\"449fbef\" data-element_type=\"section\" data-e-type=\"section\" data-settings=\"{&quot;background_background&quot;:&quot;classic&quot;}\">\n\t\t\t\t\t\t<div class=\"elementor-container elementor-column-gap-default\">\n\t\t\t\t\t<div class=\"elementor-column elementor-col-50 elementor-inner-column elementor-element elementor-element-20efdf5\" data-id=\"20efdf5\" data-element_type=\"column\" data-e-type=\"column\" data-settings=\"{&quot;background_background&quot;:&quot;classic&quot;}\">\n\t\t\t<div class=\"elementor-widget-wrap elementor-element-populated\">\n\t\t\t\t\t\t<div class=\"elementor-element elementor-element-dfd1065 elementor-widget elementor-widget-spacer\" data-id=\"dfd1065\" data-element_type=\"widget\" data-e-type=\"widget\" data-widget_type=\"spacer.default\">\n\t\t\t\t<div class=\"elementor-widget-container\">\n\t\t\t\t\t\t\t<div class=\"elementor-spacer\">\n\t\t\t<div class=\"elementor-spacer-inner\"><\/div>\n\t\t<\/div>\n\t\t\t\t\t\t<\/div>\n\t\t\t\t<\/div>\n\t\t\t\t\t<\/div>\n\t\t<\/div>\n\t\t\t\t<div class=\"elementor-column elementor-col-50 elementor-inner-column elementor-element elementor-element-6a357a9\" data-id=\"6a357a9\" data-element_type=\"column\" data-e-type=\"column\">\n\t\t\t<div class=\"elementor-widget-wrap elementor-element-populated\">\n\t\t\t\t\t\t<div class=\"elementor-element elementor-element-e570e19 elementor-widget elementor-widget-text-editor\" data-id=\"e570e19\" data-element_type=\"widget\" data-e-type=\"widget\" data-widget_type=\"text-editor.default\">\n\t\t\t\t<div class=\"elementor-widget-container\">\n\t\t\t\t\t\t\t\t\t<h2>LA LETTRE PASTORALE \u00ab\u00a0SUR LA BR\u00c8CHE\u00a0\u00bb<\/h2><p>En septembre 2015, l&rsquo;\u00e9v\u00eaque de Phoenix en Arizona, Monseigneur Olmsted, a d\u00e9cid\u00e9 d&rsquo;\u00e9crire une lettre pastorale destin\u00e9e aux hommes de son dioc\u00e8se.<\/p><p>\u00a0<\/p><p>Conscient des difficult\u00e9s des hommes contemporains \u00e0 \u00ab\u00a0trouver leur axe\u00a0\u00bb, soumis \u00e0 des nombreuses tentations, l&rsquo;\u00e9v\u00eaque livre un texte puissant en appelant les hommes catholiques au sursaut, \u00e0 la recherche de leur authentique vocation. Epaul\u00e9 par des la\u00efcs (m\u00e8re de famille, professeur de psychologie, entra\u00eeneur de sport, officier de l&rsquo;arm\u00e9e) et par des religieux (pr\u00eatres et religieuses), il d\u00e9livre un message d&rsquo;esp\u00e9rance et de force \u00e0 destination des hommes d&rsquo;aujourd&rsquo;hui.<\/p><p>\u00a0<\/p><p>Tr\u00e8s t\u00f4t alert\u00e9s et interpell\u00e9s par le texte, les Fran\u00e7ais d\u00e9cident de le traduire et d&rsquo;en assurer une diffusion cibl\u00e9e et personnelle, \u00e0 travers la production d&rsquo;un livret illustr\u00e9.<\/p><p>\u00a0<\/p><p>Depuis, le livret \u00ab\u00a0sur la br\u00e8che\u00a0\u00bb a \u00e9t\u00e9 transmis \u00e0 pr\u00e8s de 3000 personnes en France, autour des marches d&rsquo;hommes, des p\u00e8lerinages familiaux et par le relais de pr\u00eatres et de s\u00e9minaristes.<\/p><p>\u00a0<\/p><p>Monseigneur Olmsted apporte sa b\u00e9n\u00e9diction personnelle aux projets fran\u00e7ais de d\u00e9veloppement des Chevaliers de Colomb.<\/p>\t\t\t\t\t\t\t\t<\/div>\n\t\t\t\t<\/div>\n\t\t\t\t\t<\/div>\n\t\t<\/div>\n\t\t\t\t\t<\/div>\n\t\t<\/section>\n\t\t\t\t\t<\/div>\n\t\t<\/div>\n\t\t\t\t\t<\/div>\n\t\t<\/section>\n\t\t\t\t<\/div>\n\t\t","protected":false},"excerpt":{"rendered":"<p>SPIRITUALIT\u00c9 MASCULINE SPIRITUALIT\u00c9 MASCULINE Depuis plusieurs ann\u00e9es, des hommes catholiques \u00e9prouvent le besoin de se retrouver. Les marches et les p\u00e8lerinages sont l\u2019occasion de c\u00e9l\u00e9brer et invoquer la figure paternelle de Saint Joseph, p\u00e8re nourricier du Christ. Dans des hauts lieux chr\u00e9tiens, comme Cotignac, Le Mont Saint Michel, Montligeon et V\u00e9zelay, des hommes et p\u00e8res [&hellip;]<\/p>\n","protected":false},"author":1,"featured_media":0,"parent":0,"menu_order":0,"comment_status":"closed","ping_status":"closed","template":"elementor_header_footer","meta":{"footnotes":""},"class_list":["post-953","page","type-page","status-publish","hentry"],"yoast_head":"<!-- This site is optimized with the Yoast SEO plugin v27.3 - https:\/\/yoast.com\/product\/yoast-seo-wordpress\/ -->\n<title>SPIRITUALIT\u00c9 MASCULINE - Les chevaliers de Colomb France<\/title>\n<meta name=\"robots\" content=\"index, follow, max-snippet:-1, max-image-preview:large, max-video-preview:-1\" \/>\n<link rel=\"canonical\" href=\"https:\/\/www.chevaliers-de-colomb.fr\/index.php\/spiritualite-masculine\/\" \/>\n<meta property=\"og:locale\" content=\"fr_FR\" \/>\n<meta property=\"og:type\" content=\"article\" \/>\n<meta property=\"og:title\" content=\"SPIRITUALIT\u00c9 MASCULINE - Les chevaliers de Colomb France\" \/>\n<meta property=\"og:description\" content=\"SPIRITUALIT\u00c9 MASCULINE SPIRITUALIT\u00c9 MASCULINE Depuis plusieurs ann\u00e9es, des hommes catholiques \u00e9prouvent le besoin de se retrouver. Les marches et les p\u00e8lerinages sont l\u2019occasion de c\u00e9l\u00e9brer et invoquer la figure paternelle de Saint Joseph, p\u00e8re nourricier du Christ. Dans des hauts lieux chr\u00e9tiens, comme Cotignac, Le Mont Saint Michel, Montligeon et V\u00e9zelay, des hommes et p\u00e8res [&hellip;]\" \/>\n<meta property=\"og:url\" content=\"https:\/\/www.chevaliers-de-colomb.fr\/index.php\/spiritualite-masculine\/\" \/>\n<meta property=\"og:site_name\" content=\"Les chevaliers de Colomb France\" \/>\n<meta property=\"article:modified_time\" content=\"2023-03-15T17:44:05+00:00\" \/>\n<meta name=\"twitter:card\" content=\"summary_large_image\" \/>\n<meta name=\"twitter:label1\" content=\"Dur\u00e9e de lecture estim\u00e9e\" \/>\n\t<meta name=\"twitter:data1\" content=\"3 minutes\" \/>\n<script type=\"application\/ld+json\" class=\"yoast-schema-graph\">{\"@context\":\"https:\\\/\\\/schema.org\",\"@graph\":[{\"@type\":\"WebPage\",\"@id\":\"https:\\\/\\\/www.chevaliers-de-colomb.fr\\\/index.php\\\/spiritualite-masculine\\\/\",\"url\":\"https:\\\/\\\/www.chevaliers-de-colomb.fr\\\/index.php\\\/spiritualite-masculine\\\/\",\"name\":\"SPIRITUALIT\u00c9 MASCULINE - Les chevaliers de Colomb France\",\"isPartOf\":{\"@id\":\"https:\\\/\\\/www.chevaliers-de-colomb.fr\\\/#website\"},\"datePublished\":\"2022-05-31T10:41:06+00:00\",\"dateModified\":\"2023-03-15T17:44:05+00:00\",\"breadcrumb\":{\"@id\":\"https:\\\/\\\/www.chevaliers-de-colomb.fr\\\/index.php\\\/spiritualite-masculine\\\/#breadcrumb\"},\"inLanguage\":\"fr-FR\",\"potentialAction\":[{\"@type\":\"ReadAction\",\"target\":[\"https:\\\/\\\/www.chevaliers-de-colomb.fr\\\/index.php\\\/spiritualite-masculine\\\/\"]}]},{\"@type\":\"BreadcrumbList\",\"@id\":\"https:\\\/\\\/www.chevaliers-de-colomb.fr\\\/index.php\\\/spiritualite-masculine\\\/#breadcrumb\",\"itemListElement\":[{\"@type\":\"ListItem\",\"position\":1,\"name\":\"Accueil\",\"item\":\"https:\\\/\\\/www.chevaliers-de-colomb.fr\\\/\"},{\"@type\":\"ListItem\",\"position\":2,\"name\":\"SPIRITUALIT\u00c9 MASCULINE\"}]},{\"@type\":\"WebSite\",\"@id\":\"https:\\\/\\\/www.chevaliers-de-colomb.fr\\\/#website\",\"url\":\"https:\\\/\\\/www.chevaliers-de-colomb.fr\\\/\",\"name\":\"Les chevaliers de Colomb France\",\"description\":\"Site des chevaliers de Colomb en France, les conseils, l&#039;histoire, les informations pratiques\",\"publisher\":{\"@id\":\"https:\\\/\\\/www.chevaliers-de-colomb.fr\\\/#organization\"},\"potentialAction\":[{\"@type\":\"SearchAction\",\"target\":{\"@type\":\"EntryPoint\",\"urlTemplate\":\"https:\\\/\\\/www.chevaliers-de-colomb.fr\\\/?s={search_term_string}\"},\"query-input\":{\"@type\":\"PropertyValueSpecification\",\"valueRequired\":true,\"valueName\":\"search_term_string\"}}],\"inLanguage\":\"fr-FR\"},{\"@type\":\"Organization\",\"@id\":\"https:\\\/\\\/www.chevaliers-de-colomb.fr\\\/#organization\",\"name\":\"Les chevaliers de Colomb France\",\"url\":\"https:\\\/\\\/www.chevaliers-de-colomb.fr\\\/\",\"logo\":{\"@type\":\"ImageObject\",\"inLanguage\":\"fr-FR\",\"@id\":\"https:\\\/\\\/www.chevaliers-de-colomb.fr\\\/#\\\/schema\\\/logo\\\/image\\\/\",\"url\":\"https:\\\/\\\/www.chevaliers-de-colomb.fr\\\/wp-content\\\/uploads\\\/2022\\\/05\\\/logo-chevaliers-de-colomb.png\",\"contentUrl\":\"https:\\\/\\\/www.chevaliers-de-colomb.fr\\\/wp-content\\\/uploads\\\/2022\\\/05\\\/logo-chevaliers-de-colomb.png\",\"width\":397,\"height\":95,\"caption\":\"Les chevaliers de Colomb France\"},\"image\":{\"@id\":\"https:\\\/\\\/www.chevaliers-de-colomb.fr\\\/#\\\/schema\\\/logo\\\/image\\\/\"}}]}<\/script>\n<!-- \/ Yoast SEO plugin. -->","yoast_head_json":{"title":"SPIRITUALIT\u00c9 MASCULINE - Les chevaliers de Colomb France","robots":{"index":"index","follow":"follow","max-snippet":"max-snippet:-1","max-image-preview":"max-image-preview:large","max-video-preview":"max-video-preview:-1"},"canonical":"https:\/\/www.chevaliers-de-colomb.fr\/index.php\/spiritualite-masculine\/","og_locale":"fr_FR","og_type":"article","og_title":"SPIRITUALIT\u00c9 MASCULINE - Les chevaliers de Colomb France","og_description":"SPIRITUALIT\u00c9 MASCULINE SPIRITUALIT\u00c9 MASCULINE Depuis plusieurs ann\u00e9es, des hommes catholiques \u00e9prouvent le besoin de se retrouver. Les marches et les p\u00e8lerinages sont l\u2019occasion de c\u00e9l\u00e9brer et invoquer la figure paternelle de Saint Joseph, p\u00e8re nourricier du Christ. Dans des hauts lieux chr\u00e9tiens, comme Cotignac, Le Mont Saint Michel, Montligeon et V\u00e9zelay, des hommes et p\u00e8res [&hellip;]","og_url":"https:\/\/www.chevaliers-de-colomb.fr\/index.php\/spiritualite-masculine\/","og_site_name":"Les chevaliers de Colomb France","article_modified_time":"2023-03-15T17:44:05+00:00","twitter_card":"summary_large_image","twitter_misc":{"Dur\u00e9e de lecture estim\u00e9e":"3 minutes"},"schema":{"@context":"https:\/\/schema.org","@graph":[{"@type":"WebPage","@id":"https:\/\/www.chevaliers-de-colomb.fr\/index.php\/spiritualite-masculine\/","url":"https:\/\/www.chevaliers-de-colomb.fr\/index.php\/spiritualite-masculine\/","name":"SPIRITUALIT\u00c9 MASCULINE - Les chevaliers de Colomb France","isPartOf":{"@id":"https:\/\/www.chevaliers-de-colomb.fr\/#website"},"datePublished":"2022-05-31T10:41:06+00:00","dateModified":"2023-03-15T17:44:05+00:00","breadcrumb":{"@id":"https:\/\/www.chevaliers-de-colomb.fr\/index.php\/spiritualite-masculine\/#breadcrumb"},"inLanguage":"fr-FR","potentialAction":[{"@type":"ReadAction","target":["https:\/\/www.chevaliers-de-colomb.fr\/index.php\/spiritualite-masculine\/"]}]},{"@type":"BreadcrumbList","@id":"https:\/\/www.chevaliers-de-colomb.fr\/index.php\/spiritualite-masculine\/#breadcrumb","itemListElement":[{"@type":"ListItem","position":1,"name":"Accueil","item":"https:\/\/www.chevaliers-de-colomb.fr\/"},{"@type":"ListItem","position":2,"name":"SPIRITUALIT\u00c9 MASCULINE"}]},{"@type":"WebSite","@id":"https:\/\/www.chevaliers-de-colomb.fr\/#website","url":"https:\/\/www.chevaliers-de-colomb.fr\/","name":"Les chevaliers de Colomb France","description":"Site des chevaliers de Colomb en France, les conseils, l&#039;histoire, les informations pratiques","publisher":{"@id":"https:\/\/www.chevaliers-de-colomb.fr\/#organization"},"potentialAction":[{"@type":"SearchAction","target":{"@type":"EntryPoint","urlTemplate":"https:\/\/www.chevaliers-de-colomb.fr\/?s={search_term_string}"},"query-input":{"@type":"PropertyValueSpecification","valueRequired":true,"valueName":"search_term_string"}}],"inLanguage":"fr-FR"},{"@type":"Organization","@id":"https:\/\/www.chevaliers-de-colomb.fr\/#organization","name":"Les chevaliers de Colomb France","url":"https:\/\/www.chevaliers-de-colomb.fr\/","logo":{"@type":"ImageObject","inLanguage":"fr-FR","@id":"https:\/\/www.chevaliers-de-colomb.fr\/#\/schema\/logo\/image\/","url":"https:\/\/www.chevaliers-de-colomb.fr\/wp-content\/uploads\/2022\/05\/logo-chevaliers-de-colomb.png","contentUrl":"https:\/\/www.chevaliers-de-colomb.fr\/wp-content\/uploads\/2022\/05\/logo-chevaliers-de-colomb.png","width":397,"height":95,"caption":"Les chevaliers de Colomb France"},"image":{"@id":"https:\/\/www.chevaliers-de-colomb.fr\/#\/schema\/logo\/image\/"}}]}},"_links":{"self":[{"href":"https:\/\/www.chevaliers-de-colomb.fr\/index.php\/wp-json\/wp\/v2\/pages\/953","targetHints":{"allow":["GET"]}}],"collection":[{"href":"https:\/\/www.chevaliers-de-colomb.fr\/index.php\/wp-json\/wp\/v2\/pages"}],"about":[{"href":"https:\/\/www.chevaliers-de-colomb.fr\/index.php\/wp-json\/wp\/v2\/types\/page"}],"author":[{"embeddable":true,"href":"https:\/\/www.chevaliers-de-colomb.fr\/index.php\/wp-json\/wp\/v2\/users\/1"}],"replies":[{"embeddable":true,"href":"https:\/\/www.chevaliers-de-colomb.fr\/index.php\/wp-json\/wp\/v2\/comments?post=953"}],"version-history":[{"count":0,"href":"https:\/\/www.chevaliers-de-colomb.fr\/index.php\/wp-json\/wp\/v2\/pages\/953\/revisions"}],"wp:attachment":[{"href":"https:\/\/www.chevaliers-de-colomb.fr\/index.php\/wp-json\/wp\/v2\/media?parent=953"}],"curies":[{"name":"wp","href":"https:\/\/api.w.org\/{rel}","templated":true}]}}