{"id":914,"date":"2022-05-31T12:19:37","date_gmt":"2022-05-31T10:19:37","guid":{"rendered":"https:\/\/www.chevaliers-de-colomb.com\/?page_id=914"},"modified":"2025-07-09T12:30:08","modified_gmt":"2025-07-09T10:30:08","slug":"les-enjeux-de-la-masculinite","status":"publish","type":"page","link":"https:\/\/www.chevaliers-de-colomb.fr\/index.php\/les-enjeux-de-la-masculinite\/","title":{"rendered":"LES ENJEUX DE LA MASCULINIT\u00c9"},"content":{"rendered":"\t\t<div data-elementor-type=\"wp-page\" data-elementor-id=\"914\" class=\"elementor elementor-914\" data-elementor-post-type=\"page\">\n\t\t\t\t\t\t<section data-particle_enable=\"false\" data-particle-mobile-disabled=\"false true\" class=\"elementor-section elementor-top-section elementor-element elementor-element-3877444 elementor-section-stretched elementor-hidden-tablet elementor-hidden-mobile elementor-section-content-top elementor-section-boxed elementor-section-height-default elementor-section-height-default\" data-id=\"3877444\" data-element_type=\"section\" data-e-type=\"section\" data-settings=\"{&quot;stretch_section&quot;:&quot;section-stretched&quot;,&quot;background_background&quot;:&quot;classic&quot;,&quot;shape_divider_bottom&quot;:&quot;triangle-asymmetrical&quot;,&quot;background_motion_fx_motion_fx_scrolling&quot;:&quot;yes&quot;,&quot;background_motion_fx_translateY_effect&quot;:&quot;yes&quot;,&quot;background_motion_fx_translateY_speed&quot;:{&quot;unit&quot;:&quot;px&quot;,&quot;size&quot;:4,&quot;sizes&quot;:[]},&quot;background_motion_fx_translateY_affectedRange&quot;:{&quot;unit&quot;:&quot;%&quot;,&quot;size&quot;:&quot;&quot;,&quot;sizes&quot;:{&quot;start&quot;:0,&quot;end&quot;:100}},&quot;background_motion_fx_devices&quot;:[&quot;desktop&quot;,&quot;tablet&quot;,&quot;mobile&quot;]}\">\n\t\t\t\t\t\t\t<div class=\"elementor-background-overlay\"><\/div>\n\t\t\t\t\t\t<div class=\"elementor-shape elementor-shape-bottom\" aria-hidden=\"true\" data-negative=\"false\">\n\t\t\t<svg xmlns=\"http:\/\/www.w3.org\/2000\/svg\" viewBox=\"0 0 1000 100\" preserveAspectRatio=\"none\">\n\t<path class=\"elementor-shape-fill\" d=\"M738,99l262-93V0H0v5.6L738,99z\"\/>\n<\/svg>\t\t<\/div>\n\t\t\t\t\t<div class=\"elementor-container elementor-column-gap-default\">\n\t\t\t\t\t<div class=\"elementor-column elementor-col-100 elementor-top-column elementor-element elementor-element-55f0cb7\" data-id=\"55f0cb7\" data-element_type=\"column\" data-e-type=\"column\">\n\t\t\t<div class=\"elementor-widget-wrap elementor-element-populated\">\n\t\t\t\t\t\t<div class=\"elementor-element elementor-element-8132ae0 elementor-widget elementor-widget-text-editor\" data-id=\"8132ae0\" data-element_type=\"widget\" data-e-type=\"widget\" data-widget_type=\"text-editor.default\">\n\t\t\t\t<div class=\"elementor-widget-container\">\n\t\t\t\t\t\t\t\t\t<p style=\"text-align: right;\">LES ENJEUX DE LA MASCULINIT\u00c9<\/p>\t\t\t\t\t\t\t\t<\/div>\n\t\t\t\t<\/div>\n\t\t\t\t\t<\/div>\n\t\t<\/div>\n\t\t\t\t\t<\/div>\n\t\t<\/section>\n\t\t\t\t\t<script>\n\t\t\t\t(function($) {\n                    \"use strict\";\n\n                    var target = $('.elementor-element-3877444');\n\n                    \n                    var EaelParallaxElement = {\n\n\t\t\t\t\t\tinit: function() {\n\t\t\t\t\t\t\telementorFrontend.hooks.addAction('frontend\/element_ready\/global', EaelParallaxElement.initWidget);\n\t\t\t\t\t\t},\n                        responsiveParallax: function(){\n                            var android = 1,\n                                ios = 1;\n                            switch( true || 1 ){\n                                case android && ios:\n                                    return \/iPad|iPhone|iPod|Android\/;\n                                    break;\n                                case android && ! ios:\n                                    return \/Android\/;\n                                    break;\n                                case ! android && ios:\n                                    return \/iPad|iPhone|iPod\/;\n                                    break;\n                                case ( ! android && ! ios ):\n                                    return null;\n                            }\n                        },\n\t\t\t\t\t\tinitWidget: function( $scope ) {\n\n\t\t\t\t\t\t\ttarget.jarallax({\n\t\t\t\t\t\t\t\ttype: 'scroll',\n\t\t\t\t\t\t\t\tspeed: 1.3,\n\t\t\t\t\t\t\t\tkeepImg: true,\n                                disableParallax: EaelParallaxElement.responsiveParallax(),\n\t\t\t\t\t\t\t});\n\t\t\t\t\t\t}\n\n\t\t\t\t\t};\n\n\t\t\t\t\t$( window ).on('elementor\/frontend\/init', EaelParallaxElement.init);\n\n                    \t\t\t\t}( jQuery ) );\n\t\t\t<\/script>\n\t\t\t\t<section data-particle_enable=\"false\" data-particle-mobile-disabled=\"false\" class=\"elementor-section elementor-top-section elementor-element elementor-element-f8b8e37 elementor-section-boxed elementor-section-height-default elementor-section-height-default\" data-id=\"f8b8e37\" data-element_type=\"section\" data-e-type=\"section\" data-settings=\"{&quot;background_background&quot;:&quot;gradient&quot;}\">\n\t\t\t\t\t\t<div class=\"elementor-container elementor-column-gap-default\">\n\t\t\t\t\t<div class=\"elementor-column elementor-col-100 elementor-top-column elementor-element elementor-element-f039f09\" data-id=\"f039f09\" data-element_type=\"column\" data-e-type=\"column\" data-settings=\"{&quot;background_background&quot;:&quot;classic&quot;}\">\n\t\t\t<div class=\"elementor-widget-wrap elementor-element-populated\">\n\t\t\t\t\t\t<div class=\"elementor-element elementor-element-1fc4255 elementor-widget elementor-widget-video\" data-id=\"1fc4255\" data-element_type=\"widget\" data-e-type=\"widget\" data-settings=\"{&quot;youtube_url&quot;:&quot;https:\\\/\\\/youtu.be\\\/eKnaEI7s4MM?si=eFw_g_cIukQp_GoV&quot;,&quot;video_type&quot;:&quot;youtube&quot;,&quot;controls&quot;:&quot;yes&quot;}\" data-widget_type=\"video.default\">\n\t\t\t\t<div class=\"elementor-widget-container\">\n\t\t\t\t\t\t\t<div class=\"elementor-wrapper elementor-open-inline\">\n\t\t\t<div class=\"elementor-video\"><\/div>\t\t<\/div>\n\t\t\t\t\t\t<\/div>\n\t\t\t\t<\/div>\n\t\t\t\t<section data-particle_enable=\"false\" data-particle-mobile-disabled=\"false\" class=\"elementor-section elementor-inner-section elementor-element elementor-element-23f7ded elementor-section-boxed elementor-section-height-default elementor-section-height-default\" data-id=\"23f7ded\" data-element_type=\"section\" data-e-type=\"section\" data-settings=\"{&quot;background_background&quot;:&quot;classic&quot;}\">\n\t\t\t\t\t\t<div class=\"elementor-container elementor-column-gap-default\">\n\t\t\t\t\t<div class=\"elementor-column elementor-col-50 elementor-inner-column elementor-element elementor-element-48b9667\" data-id=\"48b9667\" data-element_type=\"column\" data-e-type=\"column\" data-settings=\"{&quot;background_background&quot;:&quot;classic&quot;}\">\n\t\t\t<div class=\"elementor-widget-wrap elementor-element-populated\">\n\t\t\t\t\t\t<div class=\"elementor-element elementor-element-4dd8b4c elementor-widget elementor-widget-spacer\" data-id=\"4dd8b4c\" data-element_type=\"widget\" data-e-type=\"widget\" data-widget_type=\"spacer.default\">\n\t\t\t\t<div class=\"elementor-widget-container\">\n\t\t\t\t\t\t\t<div class=\"elementor-spacer\">\n\t\t\t<div class=\"elementor-spacer-inner\"><\/div>\n\t\t<\/div>\n\t\t\t\t\t\t<\/div>\n\t\t\t\t<\/div>\n\t\t\t\t\t<\/div>\n\t\t<\/div>\n\t\t\t\t<div class=\"elementor-column elementor-col-50 elementor-inner-column elementor-element elementor-element-fc1eafd\" data-id=\"fc1eafd\" data-element_type=\"column\" data-e-type=\"column\">\n\t\t\t<div class=\"elementor-widget-wrap elementor-element-populated\">\n\t\t\t\t\t\t<div class=\"elementor-element elementor-element-79ad229 elementor-widget elementor-widget-text-editor\" data-id=\"79ad229\" data-element_type=\"widget\" data-e-type=\"widget\" data-widget_type=\"text-editor.default\">\n\t\t\t\t<div class=\"elementor-widget-container\">\n\t\t\t\t\t\t\t\t\t<h2 style=\"text-align: left;\">LES ENJEUX DE LA MASCULINIT\u00c9<\/h2><p>L\u2019homme contemporain est perdu. Dans un monde occidental au sein duquel les tensions entre les sexes s&rsquo;exacerbent, une saine red\u00e9couverte de la masculinit\u00e9 et de ses vertus est importante.<\/p><p>Dans l&rsquo;humilit\u00e9 de nos engagements familiaux, professionnels, associatifs et spirituels, nous aspirons \u00e0 travailler autour de la question de la paternit\u00e9, de la masculinit\u00e9 et de la virilit\u00e9.<\/p><p>La paternit\u00e9 nous concerne tous. Elle porte moins sur la transmission purement biologique que sur cette capacit\u00e9 humaine \u00e0 accompagner, \u00e0 encourager et \u00e0 b\u00e9nir. La paternit\u00e9 est \u00e9ducative, car elle conduit hors de. Elle n&rsquo;est pas s\u00e9ductrice, en ramenant l&rsquo;autre \u00e0 soi.<\/p><p>La masculinit\u00e9 nous renvoie \u00e0 notre identit\u00e9 biologique d&rsquo;homme. L&rsquo;homme aspire \u00e0 faire de grandes choses, \u00e0 b\u00e2tir, \u00e0 explorer, \u00e0 transmettre, \u00e0 prendre des risques et surtout \u00e0 prot\u00e9ger. Le premier besoin exprim\u00e9 par la femme est ce besoin de s\u00e9curit\u00e9 et d&rsquo;\u00e9coute. Dans ses relations, l&rsquo;homme accompli dans sa masculinit\u00e9 est un \u00eatre de coop\u00e9ration et jamais de pr\u00e9dation.<\/p><p>La virilit\u00e9 est la capacit\u00e9 \u00e0 canaliser et orienter vers le bien cette force qui traverse l&rsquo;homme. L&rsquo;homme viril est celui qui sait poser avec force des petits actes de renoncement et de charit\u00e9. Il embrasse la difficult\u00e9 pour un bien sup\u00e9rieur, en allant au-devant de ses peurs, de sa paresse ou de ses tentations. Le service et le don de soi de fa\u00e7on d\u00e9sint\u00e9ress\u00e9e, sont des actes \u00ab\u00a0virils\u00a0\u00bb par excellence.<\/p><p>Les hommes, quels que soient leurs \u00e9tats de vie (la\u00efcs, pr\u00eatres, p\u00e8res de famille, c\u00e9libataires, etc.) sont appel\u00e9s \u00e0 \u00eatre consistants en retrouvant : le sens de l\u2019engagement dans l\u2019exercice de la force et du courage, qui ne sont ni brutalit\u00e9 ni ind\u00e9licatesse et le sens de l\u2019int\u00e9riorit\u00e9 et du silence contre l\u2019activisme bruyant.<\/p><p>Il est temps que les hommes retrouvent des belles et grandes amiti\u00e9s fraternelles. Oubliant les statuts et les codes sociaux, ils doivent trouver l&rsquo;espace pour partager leurs doutes et leurs difficult\u00e9s, avec gratuit\u00e9, sans se juger les uns les autres.<\/p><p>Il est temps que des \u00ab\u00a0bandes de fr\u00e8res\u00a0\u00bb s&rsquo;organisent, afin de mettre en commun leurs talents pour d\u00e9velopper de nouveaux projets et se soutenir, par les actes et la pri\u00e8re, dans les combats qu&rsquo;ils m\u00e8nent<\/p>\t\t\t\t\t\t\t\t<\/div>\n\t\t\t\t<\/div>\n\t\t\t\t\t<\/div>\n\t\t<\/div>\n\t\t\t\t\t<\/div>\n\t\t<\/section>\n\t\t\t\t\t<\/div>\n\t\t<\/div>\n\t\t\t\t\t<\/div>\n\t\t<\/section>\n\t\t\t\t<\/div>\n\t\t","protected":false},"excerpt":{"rendered":"<p>LES ENJEUX DE LA MASCULINIT\u00c9 https:\/\/youtu.be\/eKnaEI7s4MM?si=eFw_g_cIukQp_GoV LES ENJEUX DE LA MASCULINIT\u00c9 L\u2019homme contemporain est perdu. Dans un monde occidental au sein duquel les tensions entre les sexes s&rsquo;exacerbent, une saine red\u00e9couverte de la masculinit\u00e9 et de ses vertus est importante. Dans l&rsquo;humilit\u00e9 de nos engagements familiaux, professionnels, associatifs et spirituels, nous aspirons \u00e0 travailler autour [&hellip;]<\/p>\n","protected":false},"author":1,"featured_media":0,"parent":0,"menu_order":0,"comment_status":"closed","ping_status":"closed","template":"elementor_header_footer","meta":{"footnotes":""},"class_list":["post-914","page","type-page","status-publish","hentry"],"yoast_head":"<!-- This site is optimized with the Yoast SEO plugin v27.5 - https:\/\/yoast.com\/product\/yoast-seo-wordpress\/ -->\n<title>LES ENJEUX DE LA MASCULINIT\u00c9 - Les chevaliers de Colomb France<\/title>\n<meta name=\"robots\" content=\"index, follow, max-snippet:-1, max-image-preview:large, max-video-preview:-1\" \/>\n<link rel=\"canonical\" href=\"https:\/\/www.chevaliers-de-colomb.fr\/index.php\/les-enjeux-de-la-masculinite\/\" \/>\n<meta property=\"og:locale\" content=\"fr_FR\" \/>\n<meta property=\"og:type\" content=\"article\" \/>\n<meta property=\"og:title\" content=\"LES ENJEUX DE LA MASCULINIT\u00c9 - Les chevaliers de Colomb France\" \/>\n<meta property=\"og:description\" content=\"LES ENJEUX DE LA MASCULINIT\u00c9 https:\/\/youtu.be\/eKnaEI7s4MM?si=eFw_g_cIukQp_GoV LES ENJEUX DE LA MASCULINIT\u00c9 L\u2019homme contemporain est perdu. Dans un monde occidental au sein duquel les tensions entre les sexes s&rsquo;exacerbent, une saine red\u00e9couverte de la masculinit\u00e9 et de ses vertus est importante. Dans l&rsquo;humilit\u00e9 de nos engagements familiaux, professionnels, associatifs et spirituels, nous aspirons \u00e0 travailler autour [&hellip;]\" \/>\n<meta property=\"og:url\" content=\"https:\/\/www.chevaliers-de-colomb.fr\/index.php\/les-enjeux-de-la-masculinite\/\" \/>\n<meta property=\"og:site_name\" content=\"Les chevaliers de Colomb France\" \/>\n<meta property=\"article:modified_time\" content=\"2025-07-09T10:30:08+00:00\" \/>\n<meta name=\"twitter:card\" content=\"summary_large_image\" \/>\n<meta name=\"twitter:label1\" content=\"Dur\u00e9e de lecture estim\u00e9e\" \/>\n\t<meta name=\"twitter:data1\" content=\"2 minutes\" \/>\n<script type=\"application\/ld+json\" class=\"yoast-schema-graph\">{\"@context\":\"https:\\\/\\\/schema.org\",\"@graph\":[{\"@type\":\"WebPage\",\"@id\":\"https:\\\/\\\/www.chevaliers-de-colomb.fr\\\/index.php\\\/les-enjeux-de-la-masculinite\\\/\",\"url\":\"https:\\\/\\\/www.chevaliers-de-colomb.fr\\\/index.php\\\/les-enjeux-de-la-masculinite\\\/\",\"name\":\"LES ENJEUX DE LA MASCULINIT\u00c9 - Les chevaliers de Colomb France\",\"isPartOf\":{\"@id\":\"https:\\\/\\\/www.chevaliers-de-colomb.fr\\\/#website\"},\"datePublished\":\"2022-05-31T10:19:37+00:00\",\"dateModified\":\"2025-07-09T10:30:08+00:00\",\"breadcrumb\":{\"@id\":\"https:\\\/\\\/www.chevaliers-de-colomb.fr\\\/index.php\\\/les-enjeux-de-la-masculinite\\\/#breadcrumb\"},\"inLanguage\":\"fr-FR\",\"potentialAction\":[{\"@type\":\"ReadAction\",\"target\":[\"https:\\\/\\\/www.chevaliers-de-colomb.fr\\\/index.php\\\/les-enjeux-de-la-masculinite\\\/\"]}]},{\"@type\":\"BreadcrumbList\",\"@id\":\"https:\\\/\\\/www.chevaliers-de-colomb.fr\\\/index.php\\\/les-enjeux-de-la-masculinite\\\/#breadcrumb\",\"itemListElement\":[{\"@type\":\"ListItem\",\"position\":1,\"name\":\"Accueil\",\"item\":\"https:\\\/\\\/www.chevaliers-de-colomb.fr\\\/\"},{\"@type\":\"ListItem\",\"position\":2,\"name\":\"LES ENJEUX DE LA MASCULINIT\u00c9\"}]},{\"@type\":\"WebSite\",\"@id\":\"https:\\\/\\\/www.chevaliers-de-colomb.fr\\\/#website\",\"url\":\"https:\\\/\\\/www.chevaliers-de-colomb.fr\\\/\",\"name\":\"Les chevaliers de Colomb France\",\"description\":\"Site des chevaliers de Colomb en France, les conseils, l&#039;histoire, les informations pratiques\",\"publisher\":{\"@id\":\"https:\\\/\\\/www.chevaliers-de-colomb.fr\\\/#organization\"},\"potentialAction\":[{\"@type\":\"SearchAction\",\"target\":{\"@type\":\"EntryPoint\",\"urlTemplate\":\"https:\\\/\\\/www.chevaliers-de-colomb.fr\\\/?s={search_term_string}\"},\"query-input\":{\"@type\":\"PropertyValueSpecification\",\"valueRequired\":true,\"valueName\":\"search_term_string\"}}],\"inLanguage\":\"fr-FR\"},{\"@type\":\"Organization\",\"@id\":\"https:\\\/\\\/www.chevaliers-de-colomb.fr\\\/#organization\",\"name\":\"Les chevaliers de Colomb France\",\"url\":\"https:\\\/\\\/www.chevaliers-de-colomb.fr\\\/\",\"logo\":{\"@type\":\"ImageObject\",\"inLanguage\":\"fr-FR\",\"@id\":\"https:\\\/\\\/www.chevaliers-de-colomb.fr\\\/#\\\/schema\\\/logo\\\/image\\\/\",\"url\":\"https:\\\/\\\/www.chevaliers-de-colomb.fr\\\/wp-content\\\/uploads\\\/2022\\\/05\\\/logo-chevaliers-de-colomb.png\",\"contentUrl\":\"https:\\\/\\\/www.chevaliers-de-colomb.fr\\\/wp-content\\\/uploads\\\/2022\\\/05\\\/logo-chevaliers-de-colomb.png\",\"width\":397,\"height\":95,\"caption\":\"Les chevaliers de Colomb France\"},\"image\":{\"@id\":\"https:\\\/\\\/www.chevaliers-de-colomb.fr\\\/#\\\/schema\\\/logo\\\/image\\\/\"}}]}<\/script>\n<!-- \/ Yoast SEO plugin. -->","yoast_head_json":{"title":"LES ENJEUX DE LA MASCULINIT\u00c9 - Les chevaliers de Colomb France","robots":{"index":"index","follow":"follow","max-snippet":"max-snippet:-1","max-image-preview":"max-image-preview:large","max-video-preview":"max-video-preview:-1"},"canonical":"https:\/\/www.chevaliers-de-colomb.fr\/index.php\/les-enjeux-de-la-masculinite\/","og_locale":"fr_FR","og_type":"article","og_title":"LES ENJEUX DE LA MASCULINIT\u00c9 - Les chevaliers de Colomb France","og_description":"LES ENJEUX DE LA MASCULINIT\u00c9 https:\/\/youtu.be\/eKnaEI7s4MM?si=eFw_g_cIukQp_GoV LES ENJEUX DE LA MASCULINIT\u00c9 L\u2019homme contemporain est perdu. Dans un monde occidental au sein duquel les tensions entre les sexes s&rsquo;exacerbent, une saine red\u00e9couverte de la masculinit\u00e9 et de ses vertus est importante. Dans l&rsquo;humilit\u00e9 de nos engagements familiaux, professionnels, associatifs et spirituels, nous aspirons \u00e0 travailler autour [&hellip;]","og_url":"https:\/\/www.chevaliers-de-colomb.fr\/index.php\/les-enjeux-de-la-masculinite\/","og_site_name":"Les chevaliers de Colomb France","article_modified_time":"2025-07-09T10:30:08+00:00","twitter_card":"summary_large_image","twitter_misc":{"Dur\u00e9e de lecture estim\u00e9e":"2 minutes"},"schema":{"@context":"https:\/\/schema.org","@graph":[{"@type":"WebPage","@id":"https:\/\/www.chevaliers-de-colomb.fr\/index.php\/les-enjeux-de-la-masculinite\/","url":"https:\/\/www.chevaliers-de-colomb.fr\/index.php\/les-enjeux-de-la-masculinite\/","name":"LES ENJEUX DE LA MASCULINIT\u00c9 - Les chevaliers de Colomb France","isPartOf":{"@id":"https:\/\/www.chevaliers-de-colomb.fr\/#website"},"datePublished":"2022-05-31T10:19:37+00:00","dateModified":"2025-07-09T10:30:08+00:00","breadcrumb":{"@id":"https:\/\/www.chevaliers-de-colomb.fr\/index.php\/les-enjeux-de-la-masculinite\/#breadcrumb"},"inLanguage":"fr-FR","potentialAction":[{"@type":"ReadAction","target":["https:\/\/www.chevaliers-de-colomb.fr\/index.php\/les-enjeux-de-la-masculinite\/"]}]},{"@type":"BreadcrumbList","@id":"https:\/\/www.chevaliers-de-colomb.fr\/index.php\/les-enjeux-de-la-masculinite\/#breadcrumb","itemListElement":[{"@type":"ListItem","position":1,"name":"Accueil","item":"https:\/\/www.chevaliers-de-colomb.fr\/"},{"@type":"ListItem","position":2,"name":"LES ENJEUX DE LA MASCULINIT\u00c9"}]},{"@type":"WebSite","@id":"https:\/\/www.chevaliers-de-colomb.fr\/#website","url":"https:\/\/www.chevaliers-de-colomb.fr\/","name":"Les chevaliers de Colomb France","description":"Site des chevaliers de Colomb en France, les conseils, l&#039;histoire, les informations pratiques","publisher":{"@id":"https:\/\/www.chevaliers-de-colomb.fr\/#organization"},"potentialAction":[{"@type":"SearchAction","target":{"@type":"EntryPoint","urlTemplate":"https:\/\/www.chevaliers-de-colomb.fr\/?s={search_term_string}"},"query-input":{"@type":"PropertyValueSpecification","valueRequired":true,"valueName":"search_term_string"}}],"inLanguage":"fr-FR"},{"@type":"Organization","@id":"https:\/\/www.chevaliers-de-colomb.fr\/#organization","name":"Les chevaliers de Colomb France","url":"https:\/\/www.chevaliers-de-colomb.fr\/","logo":{"@type":"ImageObject","inLanguage":"fr-FR","@id":"https:\/\/www.chevaliers-de-colomb.fr\/#\/schema\/logo\/image\/","url":"https:\/\/www.chevaliers-de-colomb.fr\/wp-content\/uploads\/2022\/05\/logo-chevaliers-de-colomb.png","contentUrl":"https:\/\/www.chevaliers-de-colomb.fr\/wp-content\/uploads\/2022\/05\/logo-chevaliers-de-colomb.png","width":397,"height":95,"caption":"Les chevaliers de Colomb France"},"image":{"@id":"https:\/\/www.chevaliers-de-colomb.fr\/#\/schema\/logo\/image\/"}}]}},"_links":{"self":[{"href":"https:\/\/www.chevaliers-de-colomb.fr\/index.php\/wp-json\/wp\/v2\/pages\/914","targetHints":{"allow":["GET"]}}],"collection":[{"href":"https:\/\/www.chevaliers-de-colomb.fr\/index.php\/wp-json\/wp\/v2\/pages"}],"about":[{"href":"https:\/\/www.chevaliers-de-colomb.fr\/index.php\/wp-json\/wp\/v2\/types\/page"}],"author":[{"embeddable":true,"href":"https:\/\/www.chevaliers-de-colomb.fr\/index.php\/wp-json\/wp\/v2\/users\/1"}],"replies":[{"embeddable":true,"href":"https:\/\/www.chevaliers-de-colomb.fr\/index.php\/wp-json\/wp\/v2\/comments?post=914"}],"version-history":[{"count":0,"href":"https:\/\/www.chevaliers-de-colomb.fr\/index.php\/wp-json\/wp\/v2\/pages\/914\/revisions"}],"wp:attachment":[{"href":"https:\/\/www.chevaliers-de-colomb.fr\/index.php\/wp-json\/wp\/v2\/media?parent=914"}],"curies":[{"name":"wp","href":"https:\/\/api.w.org\/{rel}","templated":true}]}}