{"id":539,"date":"2022-05-25T16:50:35","date_gmt":"2022-05-25T14:50:35","guid":{"rendered":"https:\/\/www.chevaliers-de-colomb.com\/?page_id=539"},"modified":"2025-10-02T12:49:59","modified_gmt":"2025-10-02T10:49:59","slug":"servir-leglise","status":"publish","type":"page","link":"https:\/\/www.chevaliers-de-colomb.fr\/index.php\/servir-leglise\/","title":{"rendered":"Servir l&rsquo;\u00e9glise"},"content":{"rendered":"\t\t<div data-elementor-type=\"wp-page\" data-elementor-id=\"539\" class=\"elementor elementor-539\" data-elementor-post-type=\"page\">\n\t\t\t\t\t\t<section data-particle_enable=\"false\" data-particle-mobile-disabled=\"false true\" class=\"elementor-section elementor-top-section elementor-element elementor-element-3877444 elementor-section-stretched elementor-hidden-tablet elementor-hidden-mobile elementor-section-boxed elementor-section-height-default elementor-section-height-default\" data-id=\"3877444\" data-element_type=\"section\" data-e-type=\"section\" data-settings=\"{&quot;stretch_section&quot;:&quot;section-stretched&quot;,&quot;background_background&quot;:&quot;classic&quot;,&quot;shape_divider_bottom&quot;:&quot;triangle-asymmetrical&quot;,&quot;background_motion_fx_motion_fx_scrolling&quot;:&quot;yes&quot;,&quot;background_motion_fx_translateY_effect&quot;:&quot;yes&quot;,&quot;background_motion_fx_translateY_speed&quot;:{&quot;unit&quot;:&quot;px&quot;,&quot;size&quot;:4,&quot;sizes&quot;:[]},&quot;background_motion_fx_translateY_affectedRange&quot;:{&quot;unit&quot;:&quot;%&quot;,&quot;size&quot;:&quot;&quot;,&quot;sizes&quot;:{&quot;start&quot;:0,&quot;end&quot;:100}},&quot;background_motion_fx_devices&quot;:[&quot;desktop&quot;,&quot;tablet&quot;,&quot;mobile&quot;]}\">\n\t\t\t\t\t\t\t<div class=\"elementor-background-overlay\"><\/div>\n\t\t\t\t\t\t<div class=\"elementor-shape elementor-shape-bottom\" aria-hidden=\"true\" data-negative=\"false\">\n\t\t\t<svg xmlns=\"http:\/\/www.w3.org\/2000\/svg\" viewBox=\"0 0 1000 100\" preserveAspectRatio=\"none\">\n\t<path class=\"elementor-shape-fill\" d=\"M738,99l262-93V0H0v5.6L738,99z\"\/>\n<\/svg>\t\t<\/div>\n\t\t\t\t\t<div class=\"elementor-container elementor-column-gap-default\">\n\t\t\t\t\t<div class=\"elementor-column elementor-col-100 elementor-top-column elementor-element elementor-element-55f0cb7\" data-id=\"55f0cb7\" data-element_type=\"column\" data-e-type=\"column\">\n\t\t\t<div class=\"elementor-widget-wrap elementor-element-populated\">\n\t\t\t\t\t\t<div class=\"elementor-element elementor-element-d60d97e elementor-widget elementor-widget-text-editor\" data-id=\"d60d97e\" data-element_type=\"widget\" data-e-type=\"widget\" data-widget_type=\"text-editor.default\">\n\t\t\t\t<div class=\"elementor-widget-container\">\n\t\t\t\t\t\t\t\t\t<p style=\"text-align: right;\">Servir l&rsquo;\u00e9glise<\/p>\t\t\t\t\t\t\t\t<\/div>\n\t\t\t\t<\/div>\n\t\t\t\t\t<\/div>\n\t\t<\/div>\n\t\t\t\t\t<\/div>\n\t\t<\/section>\n\t\t\t\t\t<script>\n\t\t\t\t(function($) {\n                    \"use strict\";\n\n                    var target = $('.elementor-element-3877444');\n\n                    \n                    var EaelParallaxElement = {\n\n\t\t\t\t\t\tinit: function() {\n\t\t\t\t\t\t\telementorFrontend.hooks.addAction('frontend\/element_ready\/global', EaelParallaxElement.initWidget);\n\t\t\t\t\t\t},\n                        responsiveParallax: function(){\n                            var android = 1,\n                                ios = 1;\n                            switch( true || 1 ){\n                                case android && ios:\n                                    return \/iPad|iPhone|iPod|Android\/;\n                                    break;\n                                case android && ! ios:\n                                    return \/Android\/;\n                                    break;\n                                case ! android && ios:\n                                    return \/iPad|iPhone|iPod\/;\n                                    break;\n                                case ( ! android && ! ios ):\n                                    return null;\n                            }\n                        },\n\t\t\t\t\t\tinitWidget: function( $scope ) {\n\n\t\t\t\t\t\t\ttarget.jarallax({\n\t\t\t\t\t\t\t\ttype: 'scroll',\n\t\t\t\t\t\t\t\tspeed: 1.3,\n\t\t\t\t\t\t\t\tkeepImg: true,\n                                disableParallax: EaelParallaxElement.responsiveParallax(),\n\t\t\t\t\t\t\t});\n\t\t\t\t\t\t}\n\n\t\t\t\t\t};\n\n\t\t\t\t\t$( window ).on('elementor\/frontend\/init', EaelParallaxElement.init);\n\n                    \t\t\t\t}( jQuery ) );\n\t\t\t<\/script>\n\t\t\t\t<section data-particle_enable=\"false\" data-particle-mobile-disabled=\"false\" class=\"elementor-section elementor-top-section elementor-element elementor-element-f8b8e37 elementor-section-boxed elementor-section-height-default elementor-section-height-default\" data-id=\"f8b8e37\" data-element_type=\"section\" data-e-type=\"section\" data-settings=\"{&quot;background_background&quot;:&quot;gradient&quot;}\">\n\t\t\t\t\t\t<div class=\"elementor-container elementor-column-gap-default\">\n\t\t\t\t\t<div class=\"elementor-column elementor-col-100 elementor-top-column elementor-element elementor-element-f039f09\" data-id=\"f039f09\" data-element_type=\"column\" data-e-type=\"column\" data-settings=\"{&quot;background_background&quot;:&quot;classic&quot;}\">\n\t\t\t<div class=\"elementor-widget-wrap elementor-element-populated\">\n\t\t\t\t\t\t<section data-particle_enable=\"false\" data-particle-mobile-disabled=\"false\" class=\"elementor-section elementor-inner-section elementor-element elementor-element-23f7ded elementor-section-boxed elementor-section-height-default elementor-section-height-default\" data-id=\"23f7ded\" data-element_type=\"section\" data-e-type=\"section\" data-settings=\"{&quot;background_background&quot;:&quot;classic&quot;}\">\n\t\t\t\t\t\t<div class=\"elementor-container elementor-column-gap-default\">\n\t\t\t\t\t<div class=\"elementor-column elementor-col-50 elementor-inner-column elementor-element elementor-element-48b9667\" data-id=\"48b9667\" data-element_type=\"column\" data-e-type=\"column\" data-settings=\"{&quot;background_background&quot;:&quot;classic&quot;}\">\n\t\t\t<div class=\"elementor-widget-wrap elementor-element-populated\">\n\t\t\t\t\t\t<div class=\"elementor-element elementor-element-4dd8b4c elementor-widget elementor-widget-spacer\" data-id=\"4dd8b4c\" data-element_type=\"widget\" data-e-type=\"widget\" data-widget_type=\"spacer.default\">\n\t\t\t\t<div class=\"elementor-widget-container\">\n\t\t\t\t\t\t\t<div class=\"elementor-spacer\">\n\t\t\t<div class=\"elementor-spacer-inner\"><\/div>\n\t\t<\/div>\n\t\t\t\t\t\t<\/div>\n\t\t\t\t<\/div>\n\t\t\t\t\t<\/div>\n\t\t<\/div>\n\t\t\t\t<div class=\"elementor-column elementor-col-50 elementor-inner-column elementor-element elementor-element-fc1eafd\" data-id=\"fc1eafd\" data-element_type=\"column\" data-e-type=\"column\">\n\t\t\t<div class=\"elementor-widget-wrap elementor-element-populated\">\n\t\t\t\t\t\t<div class=\"elementor-element elementor-element-79ad229 elementor-widget elementor-widget-text-editor\" data-id=\"79ad229\" data-element_type=\"widget\" data-e-type=\"widget\" data-widget_type=\"text-editor.default\">\n\t\t\t\t<div class=\"elementor-widget-container\">\n\t\t\t\t\t\t\t\t\t<h2 style=\"text-align: left;\">SERVIR L&rsquo;EGLISE CATHOLIQUE<\/h2><p><b>Depuis leur cr\u00e9ation, les Chevaliers de Colomb soutiennent l&rsquo;Eglise catholique de mani\u00e8re filiale.<\/b><\/p><p>Leur attachement au Saint-Si\u00e8ge et \u00e0 la figure du Pape, successeur de Pierre, les conduit \u00e0 agir au service de l&rsquo;Eglise universelle, comme un ferment d&rsquo;unit\u00e9, \u00e0 travers des actions de charit\u00e9 et des projets d&rsquo;\u00e9vang\u00e9lisation. Chaque ann\u00e9e, \u00e0 l&rsquo;occasion de leur convention annuelle, le Pape leur renouvelle un message d&rsquo;encouragement pour leurs actions au service du rayonnement de l&rsquo;Eglise catholique dans le monde et la protection de la dignit\u00e9 de toute personne humaine.<\/p><p>Le premier dirigeant du mouvement, Monsieur Patrick Kelly, appel\u00e9 Supr\u00eame Knight, rencontre r\u00e9guli\u00e8rement le Saint-P\u00e8re afin de lui pr\u00e9senter les actions des Chevaliers et d\u2019\u00e9changer sur les grands projets de l\u2019Eglise. Ils se mobilisent autour des grands \u00e9v\u00e8nements comme les voyages du Pape, les Journ\u00e9es Mondiales de la Jeunesse (JMJ), en apportant leur aide mat\u00e9rielle et organisationnelle.<\/p>\t\t\t\t\t\t\t\t<\/div>\n\t\t\t\t<\/div>\n\t\t\t\t\t<\/div>\n\t\t<\/div>\n\t\t\t\t\t<\/div>\n\t\t<\/section>\n\t\t\t\t<div class=\"elementor-element elementor-element-981d2a5 elementor-widget elementor-widget-video\" data-id=\"981d2a5\" data-element_type=\"widget\" data-e-type=\"widget\" data-settings=\"{&quot;youtube_url&quot;:&quot;https:\\\/\\\/youtu.be\\\/ruY0lZ0ccqo?si=aSTrTe-3YU9uJr9X&quot;,&quot;video_type&quot;:&quot;youtube&quot;,&quot;controls&quot;:&quot;yes&quot;}\" data-widget_type=\"video.default\">\n\t\t\t\t<div class=\"elementor-widget-container\">\n\t\t\t\t\t\t\t<div class=\"elementor-wrapper elementor-open-inline\">\n\t\t\t<div class=\"elementor-video\"><\/div>\t\t<\/div>\n\t\t\t\t\t\t<\/div>\n\t\t\t\t<\/div>\n\t\t\t\t<section data-particle_enable=\"false\" data-particle-mobile-disabled=\"false\" class=\"elementor-section elementor-inner-section elementor-element elementor-element-dc3a13a elementor-reverse-tablet elementor-reverse-mobile elementor-section-boxed elementor-section-height-default elementor-section-height-default\" data-id=\"dc3a13a\" data-element_type=\"section\" data-e-type=\"section\" data-settings=\"{&quot;background_background&quot;:&quot;classic&quot;}\">\n\t\t\t\t\t\t<div class=\"elementor-container elementor-column-gap-default\">\n\t\t\t\t\t<div class=\"elementor-column elementor-col-50 elementor-inner-column elementor-element elementor-element-7da0335\" data-id=\"7da0335\" data-element_type=\"column\" data-e-type=\"column\">\n\t\t\t<div class=\"elementor-widget-wrap elementor-element-populated\">\n\t\t\t\t\t\t<div class=\"elementor-element elementor-element-1e6760d elementor-widget elementor-widget-text-editor\" data-id=\"1e6760d\" data-element_type=\"widget\" data-e-type=\"widget\" data-widget_type=\"text-editor.default\">\n\t\t\t\t<div class=\"elementor-widget-container\">\n\t\t\t\t\t\t\t\t\t<h2>AIMER ET AIDER NOS PAPES<\/h2><p>\u00ab\u00a0Continuez, en fid\u00e9lit\u00e9 \u00e0 la vision du v\u00e9n\u00e9rable P\u00e8re Michael McGivney, votre fondateur, \u00e0 rechercher des voies nouvelles pour \u00eatre le levain de l\u2019\u00c9vangile dans le monde, une force de renouveau spirituel de la soci\u00e9t\u00e9. Tandis que l&rsquo;Ann\u00e9e de la Foi approche de sa conclusion, je vous confie tous de fa\u00e7on sp\u00e9ciale \u00e0 l\u2019intercession de Saint Joseph, gardien de la Sainte Famille de Nazareth, qui est un admirable mod\u00e8le de ces vertus masculines de force tranquille, d\u2019int\u00e9grit\u00e9 et de fid\u00e9lit\u00e9 que les Chevaliers de Colomb s\u2019engagent \u00e0 pr\u00e9server, \u00e0 cultiver et \u00e0 transmettre aux futures g\u00e9n\u00e9rations d\u2019hommes catholiques. En vous demandant de prier pour moi, avec une grande affection dans le Seigneur, je vous donne \u00e0 vous, \u00e0 tous les Chevaliers et \u00e0 leurs familles, ma B\u00e9n\u00e9diction\u00a0\u00bb.<\/p><p><em>Pape Fran\u00e7ois, discours \u00e0 la D\u00e9l\u00e9gation des Chevaliers de Colomb, prononc\u00e9 au Vatican le 10 octobre 2013<\/em><\/p><p>\u00ab\u00a0Cette unit\u00e9 de vision et d&rsquo;intentions, enracin\u00e9e dans la foi et dans un esprit de conversion continuelle et de sacrifice personnel, n&rsquo;est-elle pas le secret de la surprenante croissance de l&rsquo;Eglise dans ce pays ? Il suffit de de penser \u00e0 l&rsquo;oeuvre extraordinaire de ce pr\u00eatre am\u00e9ricain exemplaire, le v\u00e9n\u00e9rable P\u00e8re McGivney, dont la vision et le z\u00e8le conduisirent \u00e0 la fondation des Chevaliers de Colomb\u00a0\u00bb.<\/p><p><em>Pape Beno\u00eet XVI, hom\u00e9lie en la Cath\u00e9drale St Patrick, prononc\u00e9e \u00e0 New York, le 19 avril 2008<\/em><\/p><p>en insistant \u00e0 cette occasion sur la reconnaissance de l&rsquo;h\u00e9ro\u00efcit\u00e9 des vertus du V\u00e9n\u00e9rable P\u00e8re McGivney par d\u00e9cret du 15 mars 2008.<\/p><p>\u00ab\u00a0J&rsquo;\u00e9prouve un grand plaisir \u00e0 me trouver parmi vous \u00e0 l&rsquo;occasion de ma visite aux \u00c9tats-Unis. Je vous remercie tr\u00e8s sinc\u00e8rement pour le respect et l&rsquo;amour que vous m&rsquo;avez manifest\u00e9s comme successeur de Pierre, \u00e9v\u00eaque de Rome et pasteur de l&rsquo;\u00c9glise universelle. En la personne du Chevalier supr\u00eame et des membres de l&rsquo;\u00e9quipe supr\u00eame, je salue tous les Chevaliers de Colomb : ils sont plus d&rsquo;un million trois cent mille la\u00efcs dans le monde entier qui r\u00e9pandent un esprit d&rsquo;attachement \u00e0 leur foi chr\u00e9tienne et de loyaut\u00e9 \u00e0 l&rsquo;\u00e9gard du Saint Si\u00e8ge. \u00c0 plusieurs reprises dans le pass\u00e9 et aujourd&rsquo;hui encore vous avez manifest\u00e9 votre solidarit\u00e9 avec la mission du Pape. Je vois dans votre aide une nouvelle preuve \u2014 si tant est qu&rsquo;une nouvelle preuve soit jamais n\u00e9cessaire \u2014 de votre conscience et de la haute valeur que les Chevaliers de Colomb attribuent \u00e0 leur vocation de participation \u00e0 l&rsquo;effort d&rsquo;\u00e9vang\u00e9lisation de l&rsquo;\u00c9glise (&#8230;). Que votre activit\u00e9 de d\u00e9vouement vous aide \u00e0 son tour \u00e0 r\u00e9aliser en vous-m\u00eames ces attitudes int\u00e9rieures sans lesquelles personne ne peut \u00e9vang\u00e9liser en v\u00e9rit\u00e9 : faites confiance \u00e0 la puissance de l&rsquo;Esprit Saint, croyez en une v\u00e9ritable saintet\u00e9 de vie. un grand souci de v\u00e9rit\u00e9 et un amour toujours croissant pour les enfants de Dieu. Que la b\u00e9n\u00e9diction de Dieu soit sur vous, sur vos familles et sur tous les Chevaliers de Colomb\u00a0\u00bb.<\/p><p><em>Pape Jean-Paul II, discours lors de son voyage apostolique, prononc\u00e9 \u00e0 Washington le 7 octobre 1979<\/em><\/p>\t\t\t\t\t\t\t\t<\/div>\n\t\t\t\t<\/div>\n\t\t\t\t\t<\/div>\n\t\t<\/div>\n\t\t\t\t<div class=\"elementor-column elementor-col-50 elementor-inner-column elementor-element elementor-element-0c1001e\" data-id=\"0c1001e\" data-element_type=\"column\" data-e-type=\"column\" data-settings=\"{&quot;background_background&quot;:&quot;classic&quot;}\">\n\t\t\t<div class=\"elementor-widget-wrap elementor-element-populated\">\n\t\t\t\t\t\t<div class=\"elementor-element elementor-element-4c6a285 elementor-widget elementor-widget-spacer\" data-id=\"4c6a285\" data-element_type=\"widget\" data-e-type=\"widget\" data-widget_type=\"spacer.default\">\n\t\t\t\t<div class=\"elementor-widget-container\">\n\t\t\t\t\t\t\t<div class=\"elementor-spacer\">\n\t\t\t<div class=\"elementor-spacer-inner\"><\/div>\n\t\t<\/div>\n\t\t\t\t\t\t<\/div>\n\t\t\t\t<\/div>\n\t\t\t\t\t<\/div>\n\t\t<\/div>\n\t\t\t\t\t<\/div>\n\t\t<\/section>\n\t\t\t\t\t<\/div>\n\t\t<\/div>\n\t\t\t\t\t<\/div>\n\t\t<\/section>\n\t\t\t\t<\/div>\n\t\t","protected":false},"excerpt":{"rendered":"<p>Servir l&rsquo;\u00e9glise SERVIR L&rsquo;EGLISE CATHOLIQUE Depuis leur cr\u00e9ation, les Chevaliers de Colomb soutiennent l&rsquo;Eglise catholique de mani\u00e8re filiale. Leur attachement au Saint-Si\u00e8ge et \u00e0 la figure du Pape, successeur de Pierre, les conduit \u00e0 agir au service de l&rsquo;Eglise universelle, comme un ferment d&rsquo;unit\u00e9, \u00e0 travers des actions de charit\u00e9 et des projets d&rsquo;\u00e9vang\u00e9lisation. Chaque [&hellip;]<\/p>\n","protected":false},"author":1,"featured_media":0,"parent":0,"menu_order":0,"comment_status":"closed","ping_status":"closed","template":"elementor_header_footer","meta":{"footnotes":""},"class_list":["post-539","page","type-page","status-publish","hentry"],"yoast_head":"<!-- This site is optimized with the Yoast SEO plugin v27.6 - https:\/\/yoast.com\/product\/yoast-seo-wordpress\/ -->\n<title>Servir l&#039;\u00e9glise - Les chevaliers de Colomb France<\/title>\n<meta name=\"robots\" content=\"index, follow, max-snippet:-1, max-image-preview:large, max-video-preview:-1\" \/>\n<link rel=\"canonical\" href=\"https:\/\/www.chevaliers-de-colomb.fr\/index.php\/servir-leglise\/\" \/>\n<meta property=\"og:locale\" content=\"fr_FR\" \/>\n<meta property=\"og:type\" content=\"article\" \/>\n<meta property=\"og:title\" content=\"Servir l&#039;\u00e9glise - Les chevaliers de Colomb France\" \/>\n<meta property=\"og:description\" content=\"Servir l&rsquo;\u00e9glise SERVIR L&rsquo;EGLISE CATHOLIQUE Depuis leur cr\u00e9ation, les Chevaliers de Colomb soutiennent l&rsquo;Eglise catholique de mani\u00e8re filiale. Leur attachement au Saint-Si\u00e8ge et \u00e0 la figure du Pape, successeur de Pierre, les conduit \u00e0 agir au service de l&rsquo;Eglise universelle, comme un ferment d&rsquo;unit\u00e9, \u00e0 travers des actions de charit\u00e9 et des projets d&rsquo;\u00e9vang\u00e9lisation. Chaque [&hellip;]\" \/>\n<meta property=\"og:url\" content=\"https:\/\/www.chevaliers-de-colomb.fr\/index.php\/servir-leglise\/\" \/>\n<meta property=\"og:site_name\" content=\"Les chevaliers de Colomb France\" \/>\n<meta property=\"article:modified_time\" content=\"2025-10-02T10:49:59+00:00\" \/>\n<meta name=\"twitter:card\" content=\"summary_large_image\" \/>\n<meta name=\"twitter:label1\" content=\"Dur\u00e9e de lecture estim\u00e9e\" \/>\n\t<meta name=\"twitter:data1\" content=\"4 minutes\" \/>\n<script type=\"application\/ld+json\" class=\"yoast-schema-graph\">{\"@context\":\"https:\\\/\\\/schema.org\",\"@graph\":[{\"@type\":\"WebPage\",\"@id\":\"https:\\\/\\\/www.chevaliers-de-colomb.fr\\\/index.php\\\/servir-leglise\\\/\",\"url\":\"https:\\\/\\\/www.chevaliers-de-colomb.fr\\\/index.php\\\/servir-leglise\\\/\",\"name\":\"Servir l'\u00e9glise - Les chevaliers de Colomb France\",\"isPartOf\":{\"@id\":\"https:\\\/\\\/www.chevaliers-de-colomb.fr\\\/#website\"},\"datePublished\":\"2022-05-25T14:50:35+00:00\",\"dateModified\":\"2025-10-02T10:49:59+00:00\",\"breadcrumb\":{\"@id\":\"https:\\\/\\\/www.chevaliers-de-colomb.fr\\\/index.php\\\/servir-leglise\\\/#breadcrumb\"},\"inLanguage\":\"fr-FR\",\"potentialAction\":[{\"@type\":\"ReadAction\",\"target\":[\"https:\\\/\\\/www.chevaliers-de-colomb.fr\\\/index.php\\\/servir-leglise\\\/\"]}]},{\"@type\":\"BreadcrumbList\",\"@id\":\"https:\\\/\\\/www.chevaliers-de-colomb.fr\\\/index.php\\\/servir-leglise\\\/#breadcrumb\",\"itemListElement\":[{\"@type\":\"ListItem\",\"position\":1,\"name\":\"Accueil\",\"item\":\"https:\\\/\\\/www.chevaliers-de-colomb.fr\\\/\"},{\"@type\":\"ListItem\",\"position\":2,\"name\":\"Servir l&rsquo;\u00e9glise\"}]},{\"@type\":\"WebSite\",\"@id\":\"https:\\\/\\\/www.chevaliers-de-colomb.fr\\\/#website\",\"url\":\"https:\\\/\\\/www.chevaliers-de-colomb.fr\\\/\",\"name\":\"Les chevaliers de Colomb France\",\"description\":\"Site des chevaliers de Colomb en France, les conseils, l&#039;histoire, les informations pratiques\",\"publisher\":{\"@id\":\"https:\\\/\\\/www.chevaliers-de-colomb.fr\\\/#organization\"},\"potentialAction\":[{\"@type\":\"SearchAction\",\"target\":{\"@type\":\"EntryPoint\",\"urlTemplate\":\"https:\\\/\\\/www.chevaliers-de-colomb.fr\\\/?s={search_term_string}\"},\"query-input\":{\"@type\":\"PropertyValueSpecification\",\"valueRequired\":true,\"valueName\":\"search_term_string\"}}],\"inLanguage\":\"fr-FR\"},{\"@type\":\"Organization\",\"@id\":\"https:\\\/\\\/www.chevaliers-de-colomb.fr\\\/#organization\",\"name\":\"Les chevaliers de Colomb France\",\"url\":\"https:\\\/\\\/www.chevaliers-de-colomb.fr\\\/\",\"logo\":{\"@type\":\"ImageObject\",\"inLanguage\":\"fr-FR\",\"@id\":\"https:\\\/\\\/www.chevaliers-de-colomb.fr\\\/#\\\/schema\\\/logo\\\/image\\\/\",\"url\":\"https:\\\/\\\/www.chevaliers-de-colomb.fr\\\/wp-content\\\/uploads\\\/2022\\\/05\\\/logo-chevaliers-de-colomb.png\",\"contentUrl\":\"https:\\\/\\\/www.chevaliers-de-colomb.fr\\\/wp-content\\\/uploads\\\/2022\\\/05\\\/logo-chevaliers-de-colomb.png\",\"width\":397,\"height\":95,\"caption\":\"Les chevaliers de Colomb France\"},\"image\":{\"@id\":\"https:\\\/\\\/www.chevaliers-de-colomb.fr\\\/#\\\/schema\\\/logo\\\/image\\\/\"}}]}<\/script>\n<!-- \/ Yoast SEO plugin. -->","yoast_head_json":{"title":"Servir l'\u00e9glise - Les chevaliers de Colomb France","robots":{"index":"index","follow":"follow","max-snippet":"max-snippet:-1","max-image-preview":"max-image-preview:large","max-video-preview":"max-video-preview:-1"},"canonical":"https:\/\/www.chevaliers-de-colomb.fr\/index.php\/servir-leglise\/","og_locale":"fr_FR","og_type":"article","og_title":"Servir l'\u00e9glise - Les chevaliers de Colomb France","og_description":"Servir l&rsquo;\u00e9glise SERVIR L&rsquo;EGLISE CATHOLIQUE Depuis leur cr\u00e9ation, les Chevaliers de Colomb soutiennent l&rsquo;Eglise catholique de mani\u00e8re filiale. Leur attachement au Saint-Si\u00e8ge et \u00e0 la figure du Pape, successeur de Pierre, les conduit \u00e0 agir au service de l&rsquo;Eglise universelle, comme un ferment d&rsquo;unit\u00e9, \u00e0 travers des actions de charit\u00e9 et des projets d&rsquo;\u00e9vang\u00e9lisation. Chaque [&hellip;]","og_url":"https:\/\/www.chevaliers-de-colomb.fr\/index.php\/servir-leglise\/","og_site_name":"Les chevaliers de Colomb France","article_modified_time":"2025-10-02T10:49:59+00:00","twitter_card":"summary_large_image","twitter_misc":{"Dur\u00e9e de lecture estim\u00e9e":"4 minutes"},"schema":{"@context":"https:\/\/schema.org","@graph":[{"@type":"WebPage","@id":"https:\/\/www.chevaliers-de-colomb.fr\/index.php\/servir-leglise\/","url":"https:\/\/www.chevaliers-de-colomb.fr\/index.php\/servir-leglise\/","name":"Servir l'\u00e9glise - Les chevaliers de Colomb France","isPartOf":{"@id":"https:\/\/www.chevaliers-de-colomb.fr\/#website"},"datePublished":"2022-05-25T14:50:35+00:00","dateModified":"2025-10-02T10:49:59+00:00","breadcrumb":{"@id":"https:\/\/www.chevaliers-de-colomb.fr\/index.php\/servir-leglise\/#breadcrumb"},"inLanguage":"fr-FR","potentialAction":[{"@type":"ReadAction","target":["https:\/\/www.chevaliers-de-colomb.fr\/index.php\/servir-leglise\/"]}]},{"@type":"BreadcrumbList","@id":"https:\/\/www.chevaliers-de-colomb.fr\/index.php\/servir-leglise\/#breadcrumb","itemListElement":[{"@type":"ListItem","position":1,"name":"Accueil","item":"https:\/\/www.chevaliers-de-colomb.fr\/"},{"@type":"ListItem","position":2,"name":"Servir l&rsquo;\u00e9glise"}]},{"@type":"WebSite","@id":"https:\/\/www.chevaliers-de-colomb.fr\/#website","url":"https:\/\/www.chevaliers-de-colomb.fr\/","name":"Les chevaliers de Colomb France","description":"Site des chevaliers de Colomb en France, les conseils, l&#039;histoire, les informations pratiques","publisher":{"@id":"https:\/\/www.chevaliers-de-colomb.fr\/#organization"},"potentialAction":[{"@type":"SearchAction","target":{"@type":"EntryPoint","urlTemplate":"https:\/\/www.chevaliers-de-colomb.fr\/?s={search_term_string}"},"query-input":{"@type":"PropertyValueSpecification","valueRequired":true,"valueName":"search_term_string"}}],"inLanguage":"fr-FR"},{"@type":"Organization","@id":"https:\/\/www.chevaliers-de-colomb.fr\/#organization","name":"Les chevaliers de Colomb France","url":"https:\/\/www.chevaliers-de-colomb.fr\/","logo":{"@type":"ImageObject","inLanguage":"fr-FR","@id":"https:\/\/www.chevaliers-de-colomb.fr\/#\/schema\/logo\/image\/","url":"https:\/\/www.chevaliers-de-colomb.fr\/wp-content\/uploads\/2022\/05\/logo-chevaliers-de-colomb.png","contentUrl":"https:\/\/www.chevaliers-de-colomb.fr\/wp-content\/uploads\/2022\/05\/logo-chevaliers-de-colomb.png","width":397,"height":95,"caption":"Les chevaliers de Colomb France"},"image":{"@id":"https:\/\/www.chevaliers-de-colomb.fr\/#\/schema\/logo\/image\/"}}]}},"_links":{"self":[{"href":"https:\/\/www.chevaliers-de-colomb.fr\/index.php\/wp-json\/wp\/v2\/pages\/539","targetHints":{"allow":["GET"]}}],"collection":[{"href":"https:\/\/www.chevaliers-de-colomb.fr\/index.php\/wp-json\/wp\/v2\/pages"}],"about":[{"href":"https:\/\/www.chevaliers-de-colomb.fr\/index.php\/wp-json\/wp\/v2\/types\/page"}],"author":[{"embeddable":true,"href":"https:\/\/www.chevaliers-de-colomb.fr\/index.php\/wp-json\/wp\/v2\/users\/1"}],"replies":[{"embeddable":true,"href":"https:\/\/www.chevaliers-de-colomb.fr\/index.php\/wp-json\/wp\/v2\/comments?post=539"}],"version-history":[{"count":0,"href":"https:\/\/www.chevaliers-de-colomb.fr\/index.php\/wp-json\/wp\/v2\/pages\/539\/revisions"}],"wp:attachment":[{"href":"https:\/\/www.chevaliers-de-colomb.fr\/index.php\/wp-json\/wp\/v2\/media?parent=539"}],"curies":[{"name":"wp","href":"https:\/\/api.w.org\/{rel}","templated":true}]}}